{"id":3846,"date":"2021-06-26T22:31:40","date_gmt":"2021-06-26T22:31:40","guid":{"rendered":"https:\/\/sourcenaturelle.eu\/product\/eco-cosmetics-day-face-cream-spf-15-toned-50ml-de\/"},"modified":"2021-06-26T22:31:40","modified_gmt":"2021-06-26T22:31:40","slug":"eco-cosmetics-day-face-cream-spf-15-toned-50ml-de","status":"publish","type":"product","link":"https:\/\/sourcenaturelle.eu\/de\/produkt\/eco-cosmetics-day-face-cream-spf-15-toned-50ml-de\/","title":{"rendered":"Eco cosmetics Day+ Face Cream SPF 15 toned, 50ml"},"content":{"rendered":"<p>Mineralischer Lichtschutz, mit Granatapfel und Sanddorn, f\u00fcr sensible Haut<\/p>\n<p>Die Tagespflege mit drei Funktionen<br \/>\n1. Feuchtigkeit: Sanddorn* und Granatapfel* versorgen die Haut mit essentiellen N\u00e4hrstoffen und sch\u00fctzen sie vor Feuchtigkeitsverlust.<br \/>\n2. T\u00f6nung: Die get\u00f6nte Creme sorgt f\u00fcr einen frischen, ebenm\u00e4\u00dfigen Teint.<br \/>\n3. Lichtschutz: Mineralischer Lichtschutz sch\u00fctzt die Haut vor Sonnenstrahlung.<\/p>\n<p>Abf\u00e4rbung m\u00f6glich | Beachten Sie Ihren individuellen Hauttyp | Ausgeglichener UVA-UVB Schutz im Verh\u00e4ltnis 1:3<br \/>\nSofortiger Lichtschutz | frei von Aluminiumsalzen<br \/>\nOhne Nanotechnologie | PEG und Paraben frei | Frei von genmanipulierten Organismen<\/p>\n","protected":false},"excerpt":{"rendered":"<p>Mineralischer Lichtschutz, mit Granatapfel und Sanddorn, f\u00fcr sensible Haut Die Tagespflege mit drei Funktionen 1. Feuchtigkeit: Sanddorn* und Granatapfel* versorgen die Haut mit essentiellen N\u00e4hrstoffen und sch\u00fctzen sie vor Feuchtigkeitsverlust. 2. T\u00f6nung: Die get\u00f6nte Creme sorgt f\u00fcr einen frischen, ebenm\u00e4\u00dfigen Teint. 3. Lichtschutz: Mineralischer Lichtschutz sch\u00fctzt die Haut vor Sonnenstrahlung. Abf\u00e4rbung m\u00f6glich | Beachten Sie&#8230;<\/p>\n","protected":false},"featured_media":3844,"template":"","meta":{"_kad_post_transparent":"","_kad_post_title":"","_kad_post_layout":"","_kad_post_sidebar_id":"","_kad_post_content_style":"","_kad_post_vertical_padding":"","_kad_post_feature":"","_kad_post_feature_position":"","_kad_post_header":false,"_kad_post_footer":false,"_kad_post_classname":""},"product_brand":[],"product_cat":[91,204,94,136],"product_tag":[],"class_list":{"0":"post-3846","1":"product","2":"type-product","3":"status-publish","4":"has-post-thumbnail","6":"product_cat-eco-cosmetics-de","7":"product_cat-feuchtigkeitspflege","8":"product_cat-gesicht","9":"product_cat-sonne","11":"first","12":"instock","13":"shipping-taxable","14":"purchasable","15":"product-type-simple","16":"entry","17":"content-bg","18":"loop-entry"},"_links":{"self":[{"href":"https:\/\/sourcenaturelle.eu\/de\/wp-json\/wp\/v2\/product\/3846","targetHints":{"allow":["GET"]}}],"collection":[{"href":"https:\/\/sourcenaturelle.eu\/de\/wp-json\/wp\/v2\/product"}],"about":[{"href":"https:\/\/sourcenaturelle.eu\/de\/wp-json\/wp\/v2\/types\/product"}],"wp:featuredmedia":[{"embeddable":true,"href":"https:\/\/sourcenaturelle.eu\/de\/wp-json\/wp\/v2\/media\/3844"}],"wp:attachment":[{"href":"https:\/\/sourcenaturelle.eu\/de\/wp-json\/wp\/v2\/media?parent=3846"}],"wp:term":[{"taxonomy":"product_brand","embeddable":true,"href":"https:\/\/sourcenaturelle.eu\/de\/wp-json\/wp\/v2\/product_brand?post=3846"},{"taxonomy":"product_cat","embeddable":true,"href":"https:\/\/sourcenaturelle.eu\/de\/wp-json\/wp\/v2\/product_cat?post=3846"},{"taxonomy":"product_tag","embeddable":true,"href":"https:\/\/sourcenaturelle.eu\/de\/wp-json\/wp\/v2\/product_tag?post=3846"}],"curies":[{"name":"wp","href":"https:\/\/api.w.org\/{rel}","templated":true}]}}