{"id":3822,"date":"2021-06-26T22:11:36","date_gmt":"2021-06-26T22:11:36","guid":{"rendered":"https:\/\/sourcenaturelle.eu\/product\/eco-cosmetics-sun-lotion-neutral-spf-50-100ml-de\/"},"modified":"2021-06-26T22:11:36","modified_gmt":"2021-06-26T22:11:36","slug":"eco-cosmetics-sun-lotion-neutral-spf-50-100ml-de","status":"publish","type":"product","link":"https:\/\/sourcenaturelle.eu\/de\/produkt\/eco-cosmetics-sun-lotion-neutral-spf-50-100ml-de\/","title":{"rendered":"Eco cosmetics Sun Lotion Neutral SPF 50, 100ml"},"content":{"rendered":"<p>Mineralischer Lichtschutz, f\u00fcr sehr sensible Haut, ohne Parfum<br \/>\nSch\u00fctzt sehr sensible Haut zuverl\u00e4ssig vor sch\u00e4dlicher Sonnenstrahlung. Oliven\u00f6l* sch\u00fctzt und pflegt die Haut. Die Lotion l\u00e4sst sich einfach und ohne sichtbare R\u00fcckst\u00e4nde verteilen.<br \/>\nAuch f\u00fcr Kinderhaut geeignet. Der innovative Airless Spender schlie\u00dft das Produkt luftdicht ein und verl\u00e4ngert so die Haltbarkeit.<br \/>\nDas System erm\u00f6glicht die komplette Entleerung des Inhalts. Stellt keine Gefahr f\u00fcr Wasserorganismen dar.<\/p>\n<p>Abf\u00e4rbung m\u00f6glich | Beachten Sie Ihren individuellen Hauttyp | Ausgeglichener UVA-UVB Schutz im Verh\u00e4ltnis 1:3<br \/>\nSofortiger Lichtschutz | frei von Aluminiumsalzen<br \/>\nOhne Nanotechnologie | PEG und Paraben frei | Frei von genmanipulierten Organismen<\/p>\n","protected":false},"excerpt":{"rendered":"<p>Mineralischer Lichtschutz, f\u00fcr sehr sensible Haut, ohne Parfum Sch\u00fctzt sehr sensible Haut zuverl\u00e4ssig vor sch\u00e4dlicher Sonnenstrahlung. Oliven\u00f6l* sch\u00fctzt und pflegt die Haut. Die Lotion l\u00e4sst sich einfach und ohne sichtbare R\u00fcckst\u00e4nde verteilen. Auch f\u00fcr Kinderhaut geeignet. Der innovative Airless Spender schlie\u00dft das Produkt luftdicht ein und verl\u00e4ngert so die Haltbarkeit. Das System erm\u00f6glicht die komplette&#8230;<\/p>\n","protected":false},"featured_media":3820,"template":"","meta":{"_kad_post_transparent":"","_kad_post_title":"","_kad_post_layout":"","_kad_post_sidebar_id":"","_kad_post_content_style":"","_kad_post_vertical_padding":"","_kad_post_feature":"","_kad_post_feature_position":"","_kad_post_header":false,"_kad_post_footer":false,"_kad_post_classname":""},"product_brand":[],"product_cat":[91,94,118,76,121,136],"product_tag":[],"class_list":{"0":"post-3822","1":"product","2":"type-product","3":"status-publish","4":"has-post-thumbnail","6":"product_cat-eco-cosmetics-de","7":"product_cat-gesicht","8":"product_cat-kinder","9":"product_cat-koerper","10":"product_cat-koerperpflege","11":"product_cat-sonne","13":"first","14":"instock","15":"shipping-taxable","16":"purchasable","17":"product-type-simple","18":"entry","19":"content-bg","20":"loop-entry"},"_links":{"self":[{"href":"https:\/\/sourcenaturelle.eu\/de\/wp-json\/wp\/v2\/product\/3822","targetHints":{"allow":["GET"]}}],"collection":[{"href":"https:\/\/sourcenaturelle.eu\/de\/wp-json\/wp\/v2\/product"}],"about":[{"href":"https:\/\/sourcenaturelle.eu\/de\/wp-json\/wp\/v2\/types\/product"}],"wp:featuredmedia":[{"embeddable":true,"href":"https:\/\/sourcenaturelle.eu\/de\/wp-json\/wp\/v2\/media\/3820"}],"wp:attachment":[{"href":"https:\/\/sourcenaturelle.eu\/de\/wp-json\/wp\/v2\/media?parent=3822"}],"wp:term":[{"taxonomy":"product_brand","embeddable":true,"href":"https:\/\/sourcenaturelle.eu\/de\/wp-json\/wp\/v2\/product_brand?post=3822"},{"taxonomy":"product_cat","embeddable":true,"href":"https:\/\/sourcenaturelle.eu\/de\/wp-json\/wp\/v2\/product_cat?post=3822"},{"taxonomy":"product_tag","embeddable":true,"href":"https:\/\/sourcenaturelle.eu\/de\/wp-json\/wp\/v2\/product_tag?post=3822"}],"curies":[{"name":"wp","href":"https:\/\/api.w.org\/{rel}","templated":true}]}}