{"id":3798,"date":"2021-06-26T21:49:00","date_gmt":"2021-06-26T21:49:00","guid":{"rendered":"https:\/\/sourcenaturelle.eu\/product\/eco-cosmetics-sunmilk-sensitive-spf-20-75ml-de\/"},"modified":"2021-06-26T21:49:00","modified_gmt":"2021-06-26T21:49:00","slug":"eco-cosmetics-sunmilk-sensitive-spf-20-75ml-de","status":"publish","type":"product","link":"https:\/\/sourcenaturelle.eu\/de\/produkt\/eco-cosmetics-sunmilk-sensitive-spf-20-75ml-de\/","title":{"rendered":"Eco cosmetics Sunmilk Sensitive SPF 20, 75ml"},"content":{"rendered":"<p>Mineralischer Lichtschutz, mit Granatapfel* und Himbeere, f\u00fcr K\u00f6rper und Gesicht<br \/>\nDer neu entwickelte Lichtschutzkomplex aus Titanium Dioxid in Verbindung mit unbehandeltem, nat\u00fcrlichem Zinkoxid reflektiert die sch\u00e4dlichen Sonnenstrahlen (UVA + UVB).<\/p>\n<p>Eine Komposition von Pflanzen\u00f6len pflegt die Haut:<br \/>\nHimbeerkern\u00f6l hilft der Haut Feuchtigkeit zu speichern. Es wird ihm sogar ein nat\u00fcrlicher UV-Schutz nachgesagt.<br \/>\nGranatapfelkern\u00f6l* verbessert die Elastizit\u00e4t der Haut. Es n\u00e4hrt die Haut und beugt vorzeitiger Alterung vor.<br \/>\nPflanzliches Vitamin E wirkt antioxidativ und zellsch\u00fctzend. Es bindet die Sauerstoffatome freier Radikale und verlangsamt so Oxidationsprozesse auf der Haut.<br \/>\nKaranja \u00d6l* besitzt nachweislich sehr gute, hautpflegende Eigenschaften.<br \/>\nDie hohe Konzentration an Fetts\u00e4ure hilft Hautunreinheiten vorzubeugen.<br \/>\nSo bleibt die Haut glatt und sch\u00f6n, f\u00fcr einen frischen und tonischen Effekt.<br \/>\nDie Sonnenmilch l\u00e4sst sich sehr leicht auftragen, ohne sichtbare R\u00fcckst\u00e4nde zu hinterlassen. Es wird auf Alkohol und andere aggressive Inhaltsstoffe verzichtet, um auch bei sensibler Mischhaut ein gutes Hautgef\u00fchl zu erzielen.<br \/>\n* aus biologischem Anbau, Inhalt: 75 ml, Tube<\/p>\n","protected":false},"excerpt":{"rendered":"<p>Mineralischer Lichtschutz, mit Granatapfel* und Himbeere, f\u00fcr K\u00f6rper und Gesicht Der neu entwickelte Lichtschutzkomplex aus Titanium Dioxid in Verbindung mit unbehandeltem, nat\u00fcrlichem Zinkoxid reflektiert die sch\u00e4dlichen Sonnenstrahlen (UVA + UVB). Eine Komposition von Pflanzen\u00f6len pflegt die Haut: Himbeerkern\u00f6l hilft der Haut Feuchtigkeit zu speichern. Es wird ihm sogar ein nat\u00fcrlicher UV-Schutz nachgesagt. Granatapfelkern\u00f6l* verbessert die&#8230;<\/p>\n","protected":false},"featured_media":3796,"template":"","meta":{"_kad_post_transparent":"","_kad_post_title":"","_kad_post_layout":"","_kad_post_sidebar_id":"","_kad_post_content_style":"","_kad_post_vertical_padding":"","_kad_post_feature":"","_kad_post_feature_position":"","_kad_post_header":false,"_kad_post_footer":false,"_kad_post_classname":""},"product_brand":[],"product_cat":[91,94,76,136],"product_tag":[],"class_list":{"0":"post-3798","1":"product","2":"type-product","3":"status-publish","4":"has-post-thumbnail","6":"product_cat-eco-cosmetics-de","7":"product_cat-gesicht","8":"product_cat-koerper","9":"product_cat-sonne","11":"first","12":"instock","13":"shipping-taxable","14":"purchasable","15":"product-type-simple","16":"entry","17":"content-bg","18":"loop-entry"},"_links":{"self":[{"href":"https:\/\/sourcenaturelle.eu\/de\/wp-json\/wp\/v2\/product\/3798","targetHints":{"allow":["GET"]}}],"collection":[{"href":"https:\/\/sourcenaturelle.eu\/de\/wp-json\/wp\/v2\/product"}],"about":[{"href":"https:\/\/sourcenaturelle.eu\/de\/wp-json\/wp\/v2\/types\/product"}],"wp:featuredmedia":[{"embeddable":true,"href":"https:\/\/sourcenaturelle.eu\/de\/wp-json\/wp\/v2\/media\/3796"}],"wp:attachment":[{"href":"https:\/\/sourcenaturelle.eu\/de\/wp-json\/wp\/v2\/media?parent=3798"}],"wp:term":[{"taxonomy":"product_brand","embeddable":true,"href":"https:\/\/sourcenaturelle.eu\/de\/wp-json\/wp\/v2\/product_brand?post=3798"},{"taxonomy":"product_cat","embeddable":true,"href":"https:\/\/sourcenaturelle.eu\/de\/wp-json\/wp\/v2\/product_cat?post=3798"},{"taxonomy":"product_tag","embeddable":true,"href":"https:\/\/sourcenaturelle.eu\/de\/wp-json\/wp\/v2\/product_tag?post=3798"}],"curies":[{"name":"wp","href":"https:\/\/api.w.org\/{rel}","templated":true}]}}