{"id":3790,"date":"2021-06-26T21:41:28","date_gmt":"2021-06-26T21:41:28","guid":{"rendered":"https:\/\/sourcenaturelle.eu\/product\/eco-cosmetics-sunmilk-seisitive-spf-30-75ml-de\/"},"modified":"2021-06-26T21:41:28","modified_gmt":"2021-06-26T21:41:28","slug":"eco-cosmetics-sunmilk-seisitive-spf-30-75ml-de","status":"publish","type":"product","link":"https:\/\/sourcenaturelle.eu\/de\/produkt\/eco-cosmetics-sunmilk-seisitive-spf-30-75ml-de\/","title":{"rendered":"Eco cosmetics Sunmilk Sensitive SPF 30, 75ml"},"content":{"rendered":"<p>Mineralischer Lichtschutz, mit Granatapfel* und Himbeere* f\u00fcr K\u00f6rper und Gesicht<\/p>\n<p>Mit \u201cSEHR GUT\u201d bewertet in \u00d6koTest Heft 6\/2019<br \/>\nDer Lichtschutzkomplex aus Titanium Dioxid in Verbindung mit unbehandeltem, nat\u00fcrlichem Zinkoxid reflektiert die sch\u00e4dlichen Sonnenstrahlen (UVA + UVB).<\/p>\n<p>Eine Komposition von pflanzlichen \u00d6len und pflegt die Haut:<br \/>\nHimbeerkern\u00f6l* hilft der Haut Feuchtigkeit zu speichern. Es wird ihm sogar ein nat\u00fcrlicher UV-Schutz nachgesagt.<br \/>\nGranatapfelauszug* verbessert die Elastizit\u00e4t der Haut.<\/p>\n<p>Pflanzliches Vitamin E wirkt antioxidativ und zellsch\u00fctzend. Es bindet die Sauerstoffatome freier Radikale und verlangsamt so Oxidationsprozesse auf der Haut.<\/p>\n<p>Die Sonnenmilch l\u00e4sst sich sehr leicht auftragen, ohne sichtbare R\u00fcckst\u00e4nde zu hinterlassen. Es wird auf Alkohol und andere aggressive Inhaltsstoffe verzichtet, um auch bei sensibler Mischhaut ein gutes Hautgef\u00fchl zu erzielen.<br \/>\n* aus biologischem Anbau<\/p>\n","protected":false},"excerpt":{"rendered":"<p>Mineralischer Lichtschutz, mit Granatapfel* und Himbeere* f\u00fcr K\u00f6rper und Gesicht Mit \u201cSEHR GUT\u201d bewertet in \u00d6koTest Heft 6\/2019 Der Lichtschutzkomplex aus Titanium Dioxid in Verbindung mit unbehandeltem, nat\u00fcrlichem Zinkoxid reflektiert die sch\u00e4dlichen Sonnenstrahlen (UVA + UVB). Eine Komposition von pflanzlichen \u00d6len und pflegt die Haut: Himbeerkern\u00f6l* hilft der Haut Feuchtigkeit zu speichern. Es wird ihm&#8230;<\/p>\n","protected":false},"featured_media":3788,"template":"","meta":{"_kad_post_transparent":"","_kad_post_title":"","_kad_post_layout":"","_kad_post_sidebar_id":"","_kad_post_content_style":"","_kad_post_vertical_padding":"","_kad_post_feature":"","_kad_post_feature_position":"","_kad_post_header":false,"_kad_post_footer":false,"_kad_post_classname":""},"product_brand":[],"product_cat":[91,118,76,121,136],"product_tag":[],"class_list":{"0":"post-3790","1":"product","2":"type-product","3":"status-publish","4":"has-post-thumbnail","6":"product_cat-eco-cosmetics-de","7":"product_cat-kinder","8":"product_cat-koerper","9":"product_cat-koerperpflege","10":"product_cat-sonne","12":"first","13":"instock","14":"shipping-taxable","15":"purchasable","16":"product-type-simple","17":"entry","18":"content-bg","19":"loop-entry"},"_links":{"self":[{"href":"https:\/\/sourcenaturelle.eu\/de\/wp-json\/wp\/v2\/product\/3790","targetHints":{"allow":["GET"]}}],"collection":[{"href":"https:\/\/sourcenaturelle.eu\/de\/wp-json\/wp\/v2\/product"}],"about":[{"href":"https:\/\/sourcenaturelle.eu\/de\/wp-json\/wp\/v2\/types\/product"}],"wp:featuredmedia":[{"embeddable":true,"href":"https:\/\/sourcenaturelle.eu\/de\/wp-json\/wp\/v2\/media\/3788"}],"wp:attachment":[{"href":"https:\/\/sourcenaturelle.eu\/de\/wp-json\/wp\/v2\/media?parent=3790"}],"wp:term":[{"taxonomy":"product_brand","embeddable":true,"href":"https:\/\/sourcenaturelle.eu\/de\/wp-json\/wp\/v2\/product_brand?post=3790"},{"taxonomy":"product_cat","embeddable":true,"href":"https:\/\/sourcenaturelle.eu\/de\/wp-json\/wp\/v2\/product_cat?post=3790"},{"taxonomy":"product_tag","embeddable":true,"href":"https:\/\/sourcenaturelle.eu\/de\/wp-json\/wp\/v2\/product_tag?post=3790"}],"curies":[{"name":"wp","href":"https:\/\/api.w.org\/{rel}","templated":true}]}}