{"id":3781,"date":"2021-06-26T18:22:29","date_gmt":"2021-06-26T18:22:29","guid":{"rendered":"https:\/\/sourcenaturelle.eu\/product\/venobis-jojoba-oil-100ml-de\/"},"modified":"2021-06-26T18:22:29","modified_gmt":"2021-06-26T18:22:29","slug":"venobis-jojoba-oil-100ml-de","status":"publish","type":"product","link":"https:\/\/sourcenaturelle.eu\/de\/produkt\/venobis-jojoba-oil-100ml-de\/","title":{"rendered":"Venobis Jojoba Oil, 100ml"},"content":{"rendered":"<p>F\u00fcr jeden Hauttyp.<\/p>\n<p>Das aus der Jojoba Nuss gewonnene \u00d6l ist als eines der besten Massage\u00f6le bekannt, da es den gleichen pH-Wert wie die menschliche Haut hat. Es wurde daher von den Indianern Nordamerikas als das \u201efl\u00fcssiges Gold\u201c bezeichnet.<\/p>\n<p>Es enth\u00e4lt Provitamin A und Vitamin E, pflegt durch seine g\u00fcnstige Fetts\u00e4urenzusammensetzung die Haut intensiv. Es wird von der Oberhaut (Epidermis) gut aufgenommen und wirkt r\u00fcckfettend.<\/p>\n<p>Bei besonders trockener und gleichzeitig empfindlicher Haut eignet sich das Jojoba Oil auch als gut vertr\u00e4gliche Gesichtspflege.<\/p>\n<p>Jojoba \u00d6l wird nicht ranzig, es braucht daher nicht zus\u00e4tzlich konserviert und stabilisiert werden.<\/p>\n<p>HAIR CARE-TIPP<br \/>\nVerwenden Sie das Jojoba Oil bei trockenen Haarspitzen als Haarkur.<\/p>\n","protected":false},"excerpt":{"rendered":"<p>F\u00fcr alle Haar- und Hauttypen.<\/p>\n","protected":false},"featured_media":3778,"template":"","meta":{"_kad_post_transparent":"","_kad_post_title":"","_kad_post_layout":"","_kad_post_sidebar_id":"","_kad_post_content_style":"","_kad_post_vertical_padding":"","_kad_post_feature":"","_kad_post_feature_position":"","_kad_post_header":false,"_kad_post_footer":false,"_kad_post_classname":""},"product_brand":[],"product_cat":[204,94,106,216,195,76,139],"product_tag":[],"class_list":{"0":"post-3781","1":"product","2":"type-product","3":"status-publish","4":"has-post-thumbnail","6":"product_cat-feuchtigkeitspflege","7":"product_cat-gesicht","8":"product_cat-haare","9":"product_cat-haarpflege","10":"product_cat-hautpflege","11":"product_cat-koerper","12":"product_cat-venobis-de","14":"first","15":"instock","16":"shipping-taxable","17":"purchasable","18":"product-type-simple","19":"entry","20":"content-bg","21":"loop-entry"},"_links":{"self":[{"href":"https:\/\/sourcenaturelle.eu\/de\/wp-json\/wp\/v2\/product\/3781","targetHints":{"allow":["GET"]}}],"collection":[{"href":"https:\/\/sourcenaturelle.eu\/de\/wp-json\/wp\/v2\/product"}],"about":[{"href":"https:\/\/sourcenaturelle.eu\/de\/wp-json\/wp\/v2\/types\/product"}],"wp:featuredmedia":[{"embeddable":true,"href":"https:\/\/sourcenaturelle.eu\/de\/wp-json\/wp\/v2\/media\/3778"}],"wp:attachment":[{"href":"https:\/\/sourcenaturelle.eu\/de\/wp-json\/wp\/v2\/media?parent=3781"}],"wp:term":[{"taxonomy":"product_brand","embeddable":true,"href":"https:\/\/sourcenaturelle.eu\/de\/wp-json\/wp\/v2\/product_brand?post=3781"},{"taxonomy":"product_cat","embeddable":true,"href":"https:\/\/sourcenaturelle.eu\/de\/wp-json\/wp\/v2\/product_cat?post=3781"},{"taxonomy":"product_tag","embeddable":true,"href":"https:\/\/sourcenaturelle.eu\/de\/wp-json\/wp\/v2\/product_tag?post=3781"}],"curies":[{"name":"wp","href":"https:\/\/api.w.org\/{rel}","templated":true}]}}