{"id":3773,"date":"2021-06-26T12:56:11","date_gmt":"2021-06-26T12:56:11","guid":{"rendered":"https:\/\/sourcenaturelle.eu\/product\/venobis-anti-aging-oil-50ml-de\/"},"modified":"2021-06-26T12:56:11","modified_gmt":"2021-06-26T12:56:11","slug":"venobis-anti-aging-oil-50ml-de","status":"publish","type":"product","link":"https:\/\/sourcenaturelle.eu\/de\/produkt\/venobis-anti-aging-oil-50ml-de\/","title":{"rendered":"Venobis Anti Aging Oil, 50ml"},"content":{"rendered":"<p>F\u00fcr jeden Hauttyp.<\/p>\n<p>Dieses \u00d6l ist als optimale Erg\u00e4nzung zur Venobis Madre Selva Anti Aging Creme geeignet. \u00d6le werden von den Hautzellen l\u00e4nger gespeichert, daher ist hier eine optimierte Wirkung zu beobachten.<\/p>\n<p>Die hochwertigen Anti Aging \u00d6le der Nachtkerze und des Arganbaums entfalten in dieser besonderen Komposition ihre hautverj\u00fcngende Wirkung.<\/p>\n<p>ANTI AGING NIGHT CARE-TIPP<br \/>\nBei sehr trockener Haut empfehlen wir das Anti Aging Oil als reichhaltige Nachtpflege f\u00fcr das Gesicht.<\/p>\n","protected":false},"excerpt":{"rendered":"<p>F\u00fcr jeden Hauttyp.<\/p>\n","protected":false},"featured_media":3763,"template":"","meta":{"_kad_post_transparent":"","_kad_post_title":"","_kad_post_layout":"","_kad_post_sidebar_id":"","_kad_post_content_style":"","_kad_post_vertical_padding":"","_kad_post_feature":"","_kad_post_feature_position":"","_kad_post_header":false,"_kad_post_footer":false,"_kad_post_classname":""},"product_brand":[],"product_cat":[204,94,139],"product_tag":[],"class_list":{"0":"post-3773","1":"product","2":"type-product","3":"status-publish","4":"has-post-thumbnail","6":"product_cat-feuchtigkeitspflege","7":"product_cat-gesicht","8":"product_cat-venobis-de","10":"first","11":"instock","12":"shipping-taxable","13":"purchasable","14":"product-type-simple","15":"entry","16":"content-bg","17":"loop-entry"},"_links":{"self":[{"href":"https:\/\/sourcenaturelle.eu\/de\/wp-json\/wp\/v2\/product\/3773","targetHints":{"allow":["GET"]}}],"collection":[{"href":"https:\/\/sourcenaturelle.eu\/de\/wp-json\/wp\/v2\/product"}],"about":[{"href":"https:\/\/sourcenaturelle.eu\/de\/wp-json\/wp\/v2\/types\/product"}],"wp:featuredmedia":[{"embeddable":true,"href":"https:\/\/sourcenaturelle.eu\/de\/wp-json\/wp\/v2\/media\/3763"}],"wp:attachment":[{"href":"https:\/\/sourcenaturelle.eu\/de\/wp-json\/wp\/v2\/media?parent=3773"}],"wp:term":[{"taxonomy":"product_brand","embeddable":true,"href":"https:\/\/sourcenaturelle.eu\/de\/wp-json\/wp\/v2\/product_brand?post=3773"},{"taxonomy":"product_cat","embeddable":true,"href":"https:\/\/sourcenaturelle.eu\/de\/wp-json\/wp\/v2\/product_cat?post=3773"},{"taxonomy":"product_tag","embeddable":true,"href":"https:\/\/sourcenaturelle.eu\/de\/wp-json\/wp\/v2\/product_tag?post=3773"}],"curies":[{"name":"wp","href":"https:\/\/api.w.org\/{rel}","templated":true}]}}