{"id":3758,"date":"2021-06-26T12:47:31","date_gmt":"2021-06-26T12:47:31","guid":{"rendered":"https:\/\/sourcenaturelle.eu\/product\/venobis-madre-selva-peeling-mask-100ml-de\/"},"modified":"2021-06-26T12:47:31","modified_gmt":"2021-06-26T12:47:31","slug":"venobis-madre-selva-peeling-mask-100ml-de","status":"publish","type":"product","link":"https:\/\/sourcenaturelle.eu\/de\/produkt\/venobis-madre-selva-peeling-mask-100ml-de\/","title":{"rendered":"Venobis Madre Selva Peeling Mask, 100ml"},"content":{"rendered":"<p>F\u00fcr jeden Hauttyp.<\/p>\n<p>Die Venobis Madre Selva Peeling Mask dient der porentiefen Reinigung der Haut, entfernt abgestorbene Hautsch\u00fcppchen und hinterl\u00e4sst ein glattes, mattiertes Hautbild. Extrafeines Mandelkern- und Olivenstein Granulat in Kombination mit speziellen Pflanzen\u00f6len wie dem hautreinigenden \u00d6l des wei\u00dfen Salbei exfolieren unreine Haut gezielt und schonend. Bei regelm\u00e4\u00dfiger Anwendung beugt die Maske der Neuentstehung von Unreinheiten vor.<\/p>\n<p>Besonders fein geschliffenes Mandelkern- und Olivenstein Granulat gegen \u00fcbersch\u00fcssiges Hautsebum sowie gegen die Neubildung von Komedonen, Milien und Akne-Pusteln; mit Hauterneuerungseffekt.<\/p>\n<p>Reinigungsbehandlung mit Venobis Madre Selva Care Lotion<br \/>\nAuftragen der Venobis Madre Selva Peeling Mask an Gesicht, Hals und Dekollete \u2013 Augenpartien bitte auslassen und ca. 15 Minuten einziehen lassen<br \/>\nLeichte Gesichtsmassage mit der Madre Selva Peeling Mask, anschlie\u00dfend<br \/>\nKl\u00e4ren mit Venobis Madre Selva Tonic<br \/>\nAuftragen der Venobis Madre Selva Intense als Pflegecreme<\/p>\n<p>Alternativen: Venobis Madre Selva Anti Aging Creme, Venobis Madre Selva Harmony<\/p>\n","protected":false},"excerpt":{"rendered":"<p>F\u00fcr jeden Hauttyp<\/p>\n","protected":false},"featured_media":3751,"template":"","meta":{"_kad_post_transparent":"","_kad_post_title":"","_kad_post_layout":"","_kad_post_sidebar_id":"","_kad_post_content_style":"","_kad_post_vertical_padding":"","_kad_post_feature":"","_kad_post_feature_position":"","_kad_post_header":false,"_kad_post_footer":false,"_kad_post_classname":""},"product_brand":[],"product_cat":[94,198,139],"product_tag":[],"class_list":{"0":"post-3758","1":"product","2":"type-product","3":"status-publish","4":"has-post-thumbnail","6":"product_cat-gesicht","7":"product_cat-gesichtsreinigung","8":"product_cat-venobis-de","10":"first","11":"instock","12":"shipping-taxable","13":"purchasable","14":"product-type-simple","15":"entry","16":"content-bg","17":"loop-entry"},"_links":{"self":[{"href":"https:\/\/sourcenaturelle.eu\/de\/wp-json\/wp\/v2\/product\/3758","targetHints":{"allow":["GET"]}}],"collection":[{"href":"https:\/\/sourcenaturelle.eu\/de\/wp-json\/wp\/v2\/product"}],"about":[{"href":"https:\/\/sourcenaturelle.eu\/de\/wp-json\/wp\/v2\/types\/product"}],"wp:featuredmedia":[{"embeddable":true,"href":"https:\/\/sourcenaturelle.eu\/de\/wp-json\/wp\/v2\/media\/3751"}],"wp:attachment":[{"href":"https:\/\/sourcenaturelle.eu\/de\/wp-json\/wp\/v2\/media?parent=3758"}],"wp:term":[{"taxonomy":"product_brand","embeddable":true,"href":"https:\/\/sourcenaturelle.eu\/de\/wp-json\/wp\/v2\/product_brand?post=3758"},{"taxonomy":"product_cat","embeddable":true,"href":"https:\/\/sourcenaturelle.eu\/de\/wp-json\/wp\/v2\/product_cat?post=3758"},{"taxonomy":"product_tag","embeddable":true,"href":"https:\/\/sourcenaturelle.eu\/de\/wp-json\/wp\/v2\/product_tag?post=3758"}],"curies":[{"name":"wp","href":"https:\/\/api.w.org\/{rel}","templated":true}]}}