{"id":3746,"date":"2021-06-26T12:08:49","date_gmt":"2021-06-26T12:08:49","guid":{"rendered":"https:\/\/sourcenaturelle.eu\/product\/venobis-madre-selva-care-lotion-200ml-de\/"},"modified":"2021-06-26T12:08:49","modified_gmt":"2021-06-26T12:08:49","slug":"venobis-madre-selva-care-lotion-200ml-de","status":"publish","type":"product","link":"https:\/\/sourcenaturelle.eu\/de\/produkt\/venobis-madre-selva-care-lotion-200ml-de\/","title":{"rendered":"Venobis Madre Selva Care Lotion, 200ml"},"content":{"rendered":"<p>F\u00fcr jeden Hauttyp.<\/p>\n<p>Unerw\u00fcnschte Stoffe wie abgestorbene Hautsch\u00fcppchen, Spuren von Verunreinigungen (z.B. Umwelteinfl\u00fcsse), Make-up, Schwei\u00df und Talg werden von der Haut entfernt.<\/p>\n<p>Die milde Konsistenz der Madre Selva Care Lotion bewahrt die hauteigenen Schutzmechanismen. Das biologische Gleichgewicht der Haut bleibt erhalten, der Hydrolipidfilm wird bewahrt, der hauteigene pH-Wert stabilisiert und der Feuchtigkeitsgehalt ausgeglichen.<\/p>\n<p>REINIGUNGS-TIPP<br \/>\nTragen Sie die Madre Selva Care Lotion auf das Gesicht auf und reinigen Sie die Haut anschlie\u00dfend mit einem Wattepad oder lauwarmen Wasser. Danach kl\u00e4ren Sie die gereinigte Gesichtshaut mit dem Madre Selva Tonic um die Poren wieder zu schlie\u00dfen. Verw\u00f6hnen Sie Ihre Haut nun mit der auf Sie abgestimmten Gesichtspflege.<\/p>\n","protected":false},"excerpt":{"rendered":"<p>F\u00fcr jeden Hauttyp.<\/p>\n","protected":false},"featured_media":3743,"template":"","meta":{"_kad_post_transparent":"","_kad_post_title":"","_kad_post_layout":"","_kad_post_sidebar_id":"","_kad_post_content_style":"","_kad_post_vertical_padding":"","_kad_post_feature":"","_kad_post_feature_position":"","_kad_post_header":false,"_kad_post_footer":false,"_kad_post_classname":""},"product_brand":[],"product_cat":[94,198,139],"product_tag":[],"class_list":{"0":"post-3746","1":"product","2":"type-product","3":"status-publish","4":"has-post-thumbnail","6":"product_cat-gesicht","7":"product_cat-gesichtsreinigung","8":"product_cat-venobis-de","10":"first","11":"instock","12":"shipping-taxable","13":"purchasable","14":"product-type-simple","15":"entry","16":"content-bg","17":"loop-entry"},"_links":{"self":[{"href":"https:\/\/sourcenaturelle.eu\/de\/wp-json\/wp\/v2\/product\/3746","targetHints":{"allow":["GET"]}}],"collection":[{"href":"https:\/\/sourcenaturelle.eu\/de\/wp-json\/wp\/v2\/product"}],"about":[{"href":"https:\/\/sourcenaturelle.eu\/de\/wp-json\/wp\/v2\/types\/product"}],"wp:featuredmedia":[{"embeddable":true,"href":"https:\/\/sourcenaturelle.eu\/de\/wp-json\/wp\/v2\/media\/3743"}],"wp:attachment":[{"href":"https:\/\/sourcenaturelle.eu\/de\/wp-json\/wp\/v2\/media?parent=3746"}],"wp:term":[{"taxonomy":"product_brand","embeddable":true,"href":"https:\/\/sourcenaturelle.eu\/de\/wp-json\/wp\/v2\/product_brand?post=3746"},{"taxonomy":"product_cat","embeddable":true,"href":"https:\/\/sourcenaturelle.eu\/de\/wp-json\/wp\/v2\/product_cat?post=3746"},{"taxonomy":"product_tag","embeddable":true,"href":"https:\/\/sourcenaturelle.eu\/de\/wp-json\/wp\/v2\/product_tag?post=3746"}],"curies":[{"name":"wp","href":"https:\/\/api.w.org\/{rel}","templated":true}]}}