{"id":3658,"date":"2021-06-25T12:35:01","date_gmt":"2021-06-25T12:35:01","guid":{"rendered":"https:\/\/sourcenaturelle.eu\/product\/venobis-madre-selva-anti-aging-50ml-de\/"},"modified":"2021-06-28T15:38:28","modified_gmt":"2021-06-28T15:38:28","slug":"venobis-madre-selva-anti-aging-50ml-de","status":"publish","type":"product","link":"https:\/\/sourcenaturelle.eu\/de\/produkt\/venobis-madre-selva-anti-aging-50ml-de\/","title":{"rendered":"Venobis Madre Selva Anti Aging, 50ml"},"content":{"rendered":"<p>F\u00fcr trockene, reife und strapazierte Haut.<\/p>\n<p>Das Geheimnis von Venobis Madre Selva Anti Aging ist die hohe Konzentration an mehrfach unges\u00e4ttigten Fetts\u00e4uren, zellregenerierendem Vitamin A und der hohe Grad an Antioxidantien wie Vitamin E Verbindungen. Somit erf\u00fcllt diese Creme alle W\u00fcnsche reifer Haut: Vor dem Angriff freier Radikaler sch\u00fctzen, hauteigene Abwehrkr\u00e4fte aktivieren, den Feuchtigkeitshaushalt regulieren und erm\u00fcdete Zellaktivit\u00e4t wieder anregen.<\/p>\n<p>ANTI AGING-TIPP<br \/>\nBei sehr trockener Haut &#8211; wie z.B. im Winter aufgrund trockener Heizungsluft &#8211; mischen Sie die Creme mit dem Anti Aging \u00d6l und stellen Sie so Ihre gew\u00fcnschte Konsistenz zusammen.<\/p>\n","protected":false},"excerpt":{"rendered":"<p>F\u00fcr trockene, reife und strapazierte Haut.<\/p>\n","protected":false},"featured_media":3655,"template":"","meta":{"_kad_post_transparent":"","_kad_post_title":"","_kad_post_layout":"","_kad_post_sidebar_id":"","_kad_post_content_style":"","_kad_post_vertical_padding":"","_kad_post_feature":"","_kad_post_feature_position":"","_kad_post_header":false,"_kad_post_footer":false,"_kad_post_classname":""},"product_brand":[],"product_cat":[204,94,139],"product_tag":[],"class_list":{"0":"post-3658","1":"product","2":"type-product","3":"status-publish","4":"has-post-thumbnail","6":"product_cat-feuchtigkeitspflege","7":"product_cat-gesicht","8":"product_cat-venobis-de","10":"first","11":"instock","12":"shipping-taxable","13":"purchasable","14":"product-type-simple","15":"entry","16":"content-bg","17":"loop-entry"},"_links":{"self":[{"href":"https:\/\/sourcenaturelle.eu\/de\/wp-json\/wp\/v2\/product\/3658","targetHints":{"allow":["GET"]}}],"collection":[{"href":"https:\/\/sourcenaturelle.eu\/de\/wp-json\/wp\/v2\/product"}],"about":[{"href":"https:\/\/sourcenaturelle.eu\/de\/wp-json\/wp\/v2\/types\/product"}],"wp:featuredmedia":[{"embeddable":true,"href":"https:\/\/sourcenaturelle.eu\/de\/wp-json\/wp\/v2\/media\/3655"}],"wp:attachment":[{"href":"https:\/\/sourcenaturelle.eu\/de\/wp-json\/wp\/v2\/media?parent=3658"}],"wp:term":[{"taxonomy":"product_brand","embeddable":true,"href":"https:\/\/sourcenaturelle.eu\/de\/wp-json\/wp\/v2\/product_brand?post=3658"},{"taxonomy":"product_cat","embeddable":true,"href":"https:\/\/sourcenaturelle.eu\/de\/wp-json\/wp\/v2\/product_cat?post=3658"},{"taxonomy":"product_tag","embeddable":true,"href":"https:\/\/sourcenaturelle.eu\/de\/wp-json\/wp\/v2\/product_tag?post=3658"}],"curies":[{"name":"wp","href":"https:\/\/api.w.org\/{rel}","templated":true}]}}