{"id":3642,"date":"2021-06-25T11:00:54","date_gmt":"2021-06-25T11:00:54","guid":{"rendered":"https:\/\/sourcenaturelle.eu\/product\/venobis-madre-selva-hydro-balance-50ml-de\/"},"modified":"2021-06-25T11:00:54","modified_gmt":"2021-06-25T11:00:54","slug":"venobis-madre-selva-hydro-balance-50ml-de","status":"publish","type":"product","link":"https:\/\/sourcenaturelle.eu\/de\/produkt\/venobis-madre-selva-hydro-balance-50ml-de\/","title":{"rendered":"Venobis Madre Selva Hydro Balance, 50ml"},"content":{"rendered":"<p>F\u00fcr feuchtigkeitsarme Haut und jugendliche Mischhaut.<\/p>\n<p>Die Venobis Madre Selva Hydro Balance ist eine leichte Feuchtigkeitspflege, die die Haut durch hoch wirksame Substanzen intensiv mit Feuchtigkeit versorgt, sie sp\u00fcrbar frischer macht und Trockenheitsf\u00e4ltchen vorbeugt bzw. vermindert, ohne zu fetten.<\/p>\n<p>HYDRO BALANCE-TIPP<br \/>\nWichtig ist es, den K\u00f6rper mit gen\u00fcgend Wasser zu versorgen, d.h. viel zu trinken. Da \u00fcber die Haut Feuchtigkeit verdunstet, ist es erforderlich, die Feuchtigkeitsdepots der Haut wieder aufzuf\u00fcllen.<\/p>\n","protected":false},"excerpt":{"rendered":"<p>F\u00fcr feuchtigkeitsarme Haut und jugendliche Mischhaut.<\/p>\n","protected":false},"featured_media":3639,"template":"","meta":{"_kad_post_transparent":"","_kad_post_title":"","_kad_post_layout":"","_kad_post_sidebar_id":"","_kad_post_content_style":"","_kad_post_vertical_padding":"","_kad_post_feature":"","_kad_post_feature_position":"","_kad_post_header":false,"_kad_post_footer":false,"_kad_post_classname":""},"product_brand":[],"product_cat":[204,94,139],"product_tag":[],"class_list":{"0":"post-3642","1":"product","2":"type-product","3":"status-publish","4":"has-post-thumbnail","6":"product_cat-feuchtigkeitspflege","7":"product_cat-gesicht","8":"product_cat-venobis-de","10":"first","11":"instock","12":"shipping-taxable","13":"purchasable","14":"product-type-simple","15":"entry","16":"content-bg","17":"loop-entry"},"_links":{"self":[{"href":"https:\/\/sourcenaturelle.eu\/de\/wp-json\/wp\/v2\/product\/3642","targetHints":{"allow":["GET"]}}],"collection":[{"href":"https:\/\/sourcenaturelle.eu\/de\/wp-json\/wp\/v2\/product"}],"about":[{"href":"https:\/\/sourcenaturelle.eu\/de\/wp-json\/wp\/v2\/types\/product"}],"wp:featuredmedia":[{"embeddable":true,"href":"https:\/\/sourcenaturelle.eu\/de\/wp-json\/wp\/v2\/media\/3639"}],"wp:attachment":[{"href":"https:\/\/sourcenaturelle.eu\/de\/wp-json\/wp\/v2\/media?parent=3642"}],"wp:term":[{"taxonomy":"product_brand","embeddable":true,"href":"https:\/\/sourcenaturelle.eu\/de\/wp-json\/wp\/v2\/product_brand?post=3642"},{"taxonomy":"product_cat","embeddable":true,"href":"https:\/\/sourcenaturelle.eu\/de\/wp-json\/wp\/v2\/product_cat?post=3642"},{"taxonomy":"product_tag","embeddable":true,"href":"https:\/\/sourcenaturelle.eu\/de\/wp-json\/wp\/v2\/product_tag?post=3642"}],"curies":[{"name":"wp","href":"https:\/\/api.w.org\/{rel}","templated":true}]}}