{"id":3634,"date":"2021-06-25T10:52:43","date_gmt":"2021-06-25T10:52:43","guid":{"rendered":"https:\/\/sourcenaturelle.eu\/product\/venobis-madre-selva-intense-50ml-de\/"},"modified":"2021-06-25T10:52:43","modified_gmt":"2021-06-25T10:52:43","slug":"venobis-madre-selva-intense-50ml-de","status":"publish","type":"product","link":"https:\/\/sourcenaturelle.eu\/de\/produkt\/venobis-madre-selva-intense-50ml-de\/","title":{"rendered":"Venobis Madre Selva Intense, 50ml"},"content":{"rendered":"<p>F\u00fcr trockene Haut.<\/p>\n<p>Dank ihrer milden und sch\u00fctzenden Eigenschaften kann Venobis Madre Selva Intense als Tages- und Nachtcreme verwendet werden.<\/p>\n<p>Sie versorgt die Haut mit Feuchtigkeit und reichhaltiger Pflege, ein erfrischendes und entspannendes Hautgef\u00fchl ist die Folge. Au\u00dferdem sch\u00fctzt sie die Haut vor \u00e4u\u00dferen Einwirkungen wie Sonne, Wind und Luftverunreinigungen.<\/p>\n<p>WINTER-TIPP<br \/>\nBei sehr kalter Witterung cremen Sie sich ca. 15 Minuten vor dem Verlassen Ihrer Wohnung ein. Dadurch verfl\u00fcchtigt sich das in allen Cremen enthaltene Wasser auf Ihrer Haut und zus\u00e4tzliche Sch\u00e4digungen der Epidermis werden vermieden.<\/p>\n","protected":false},"excerpt":{"rendered":"<p>F\u00fcr trockene Haut.<\/p>\n","protected":false},"featured_media":3631,"template":"","meta":{"_kad_post_transparent":"","_kad_post_title":"","_kad_post_layout":"","_kad_post_sidebar_id":"","_kad_post_content_style":"","_kad_post_vertical_padding":"","_kad_post_feature":"","_kad_post_feature_position":"","_kad_post_header":false,"_kad_post_footer":false,"_kad_post_classname":""},"product_brand":[],"product_cat":[204,94,139],"product_tag":[],"class_list":{"0":"post-3634","1":"product","2":"type-product","3":"status-publish","4":"has-post-thumbnail","6":"product_cat-feuchtigkeitspflege","7":"product_cat-gesicht","8":"product_cat-venobis-de","10":"first","11":"instock","12":"shipping-taxable","13":"purchasable","14":"product-type-simple","15":"entry","16":"content-bg","17":"loop-entry"},"_links":{"self":[{"href":"https:\/\/sourcenaturelle.eu\/de\/wp-json\/wp\/v2\/product\/3634","targetHints":{"allow":["GET"]}}],"collection":[{"href":"https:\/\/sourcenaturelle.eu\/de\/wp-json\/wp\/v2\/product"}],"about":[{"href":"https:\/\/sourcenaturelle.eu\/de\/wp-json\/wp\/v2\/types\/product"}],"wp:featuredmedia":[{"embeddable":true,"href":"https:\/\/sourcenaturelle.eu\/de\/wp-json\/wp\/v2\/media\/3631"}],"wp:attachment":[{"href":"https:\/\/sourcenaturelle.eu\/de\/wp-json\/wp\/v2\/media?parent=3634"}],"wp:term":[{"taxonomy":"product_brand","embeddable":true,"href":"https:\/\/sourcenaturelle.eu\/de\/wp-json\/wp\/v2\/product_brand?post=3634"},{"taxonomy":"product_cat","embeddable":true,"href":"https:\/\/sourcenaturelle.eu\/de\/wp-json\/wp\/v2\/product_cat?post=3634"},{"taxonomy":"product_tag","embeddable":true,"href":"https:\/\/sourcenaturelle.eu\/de\/wp-json\/wp\/v2\/product_tag?post=3634"}],"curies":[{"name":"wp","href":"https:\/\/api.w.org\/{rel}","templated":true}]}}