{"id":3615,"date":"2021-06-25T09:24:35","date_gmt":"2021-06-25T09:24:35","guid":{"rendered":"https:\/\/sourcenaturelle.eu\/product\/venobis-energetikcreme-sensitive-intense-30ml\/"},"modified":"2021-06-25T09:24:35","modified_gmt":"2021-06-25T09:24:35","slug":"venobis-energetikcreme-sensitive-intense-30ml","status":"publish","type":"product","link":"https:\/\/sourcenaturelle.eu\/de\/produkt\/venobis-energetikcreme-sensitive-intense-30ml\/","title":{"rendered":"Venobis Energetikcreme Sensitive Intense, 30ml"},"content":{"rendered":"<p>F\u00fcr trockene Haut und sensible Haut.<\/p>\n<p>Durch die speziell ausgew\u00e4hlten, hochwirksamen Inhaltsstoffe und den Verzicht auf allergene Substanzen kann bei regelm\u00e4\u00dfiger Anwendung, speziell bei empfindlicher, irritierter und allergischer Haut, eine hervorragende regenerierende und beruhigende Wirkung beobachtet werden.<\/p>\n<p>NIGHT-CARE-TIPP<br \/>\nDa die Creme die Regenerationsprozesse der Haut unterst\u00fctzt, ist die Energetikcreme Sensitive Intense besonders gut als Nachtpflege geeignet.<\/p>\n","protected":false},"excerpt":{"rendered":"<p>F\u00fcr trockene Haut und sensible Haut.<\/p>\n","protected":false},"featured_media":4894,"template":"","meta":{"_kad_post_transparent":"","_kad_post_title":"","_kad_post_layout":"","_kad_post_sidebar_id":"","_kad_post_content_style":"","_kad_post_vertical_padding":"","_kad_post_feature":"","_kad_post_feature_position":"","_kad_post_header":false,"_kad_post_footer":false,"_kad_post_classname":""},"product_brand":[],"product_cat":[204,94,195,76,139],"product_tag":[],"class_list":{"0":"post-3615","1":"product","2":"type-product","3":"status-publish","4":"has-post-thumbnail","6":"product_cat-feuchtigkeitspflege","7":"product_cat-gesicht","8":"product_cat-hautpflege","9":"product_cat-koerper","10":"product_cat-venobis-de","12":"first","13":"instock","14":"shipping-taxable","15":"purchasable","16":"product-type-simple","17":"entry","18":"content-bg","19":"loop-entry"},"_links":{"self":[{"href":"https:\/\/sourcenaturelle.eu\/de\/wp-json\/wp\/v2\/product\/3615","targetHints":{"allow":["GET"]}}],"collection":[{"href":"https:\/\/sourcenaturelle.eu\/de\/wp-json\/wp\/v2\/product"}],"about":[{"href":"https:\/\/sourcenaturelle.eu\/de\/wp-json\/wp\/v2\/types\/product"}],"wp:featuredmedia":[{"embeddable":true,"href":"https:\/\/sourcenaturelle.eu\/de\/wp-json\/wp\/v2\/media\/4894"}],"wp:attachment":[{"href":"https:\/\/sourcenaturelle.eu\/de\/wp-json\/wp\/v2\/media?parent=3615"}],"wp:term":[{"taxonomy":"product_brand","embeddable":true,"href":"https:\/\/sourcenaturelle.eu\/de\/wp-json\/wp\/v2\/product_brand?post=3615"},{"taxonomy":"product_cat","embeddable":true,"href":"https:\/\/sourcenaturelle.eu\/de\/wp-json\/wp\/v2\/product_cat?post=3615"},{"taxonomy":"product_tag","embeddable":true,"href":"https:\/\/sourcenaturelle.eu\/de\/wp-json\/wp\/v2\/product_tag?post=3615"}],"curies":[{"name":"wp","href":"https:\/\/api.w.org\/{rel}","templated":true}]}}