{"id":3598,"date":"2021-06-24T21:57:19","date_gmt":"2021-06-24T21:57:19","guid":{"rendered":"https:\/\/sourcenaturelle.eu\/product\/marias-bio-hanfol-100-ml\/"},"modified":"2021-06-24T21:57:19","modified_gmt":"2021-06-24T21:57:19","slug":"marias-bio-hanfol-100-ml","status":"publish","type":"product","link":"https:\/\/sourcenaturelle.eu\/de\/produkt\/marias-bio-hanfol-100-ml\/","title":{"rendered":"MARIAS Bio Hanf\u00f6l, 100 ml"},"content":{"rendered":"<p>Spezielle Zusammensetzung der Fetts\u00e4uren, wirkt besonders antioxidativ und regenerierend, hoher Anteil an Gamma-Linolens\u00e4ure.<\/p>\n<p>Hinweis: F\u00fcr jede Haut, speziell bei Ekzemen, Neurodermitis oder Schuppenflechte. Hoher Anteil an Gamma Linolen S\u00e4ure, Omega 3 und 6 Fetts\u00e4uren.<\/p>\n<p>Anwendung<br \/>\nK\u00f6rper mit Hydrolat bespr\u00fchen, Hanf\u00f6l in die feuchte Haut einmassieren.<\/p>\n","protected":false},"excerpt":{"rendered":"<p>F\u00fcr jede Haut, speziell bei Ekzemen, Neurodermitis oder Schuppenflechte<\/p>\n","protected":false},"featured_media":3595,"template":"","meta":{"_kad_post_transparent":"","_kad_post_title":"","_kad_post_layout":"","_kad_post_sidebar_id":"","_kad_post_content_style":"","_kad_post_vertical_padding":"","_kad_post_feature":"","_kad_post_feature_position":"","_kad_post_header":false,"_kad_post_footer":false,"_kad_post_classname":""},"product_brand":[],"product_cat":[195,76,127],"product_tag":[],"class_list":{"0":"post-3598","1":"product","2":"type-product","3":"status-publish","4":"has-post-thumbnail","6":"product_cat-hautpflege","7":"product_cat-koerper","8":"product_cat-marias-de","10":"first","11":"instock","12":"shipping-taxable","13":"purchasable","14":"product-type-simple","15":"entry","16":"content-bg","17":"loop-entry"},"_links":{"self":[{"href":"https:\/\/sourcenaturelle.eu\/de\/wp-json\/wp\/v2\/product\/3598","targetHints":{"allow":["GET"]}}],"collection":[{"href":"https:\/\/sourcenaturelle.eu\/de\/wp-json\/wp\/v2\/product"}],"about":[{"href":"https:\/\/sourcenaturelle.eu\/de\/wp-json\/wp\/v2\/types\/product"}],"wp:featuredmedia":[{"embeddable":true,"href":"https:\/\/sourcenaturelle.eu\/de\/wp-json\/wp\/v2\/media\/3595"}],"wp:attachment":[{"href":"https:\/\/sourcenaturelle.eu\/de\/wp-json\/wp\/v2\/media?parent=3598"}],"wp:term":[{"taxonomy":"product_brand","embeddable":true,"href":"https:\/\/sourcenaturelle.eu\/de\/wp-json\/wp\/v2\/product_brand?post=3598"},{"taxonomy":"product_cat","embeddable":true,"href":"https:\/\/sourcenaturelle.eu\/de\/wp-json\/wp\/v2\/product_cat?post=3598"},{"taxonomy":"product_tag","embeddable":true,"href":"https:\/\/sourcenaturelle.eu\/de\/wp-json\/wp\/v2\/product_tag?post=3598"}],"curies":[{"name":"wp","href":"https:\/\/api.w.org\/{rel}","templated":true}]}}