{"id":3582,"date":"2021-06-24T21:34:03","date_gmt":"2021-06-24T21:34:03","guid":{"rendered":"https:\/\/sourcenaturelle.eu\/product\/marias-bio-jojobaol-100-ml\/"},"modified":"2021-06-24T21:34:03","modified_gmt":"2021-06-24T21:34:03","slug":"marias-bio-jojobaol-100-ml","status":"publish","type":"product","link":"https:\/\/sourcenaturelle.eu\/de\/produkt\/marias-bio-jojobaol-100-ml\/","title":{"rendered":"MARIAS Bio Jojoba\u00f6l, 100 ml"},"content":{"rendered":"<p>Sch\u00fctzt vor Feuchtigkeitsverlust, entz\u00fcndungshemmend, st\u00e4rkt die Widerstandskraft der Haut.<\/p>\n<p>Anwendung: Pflanzenwasser aufspr\u00fchen und das \u00d6l in die feuchte Haut einmassieren. Als Bade\u00f6l mit etwas Shampoo vermischen. Als Basis f\u00fcr duftende Massage\u00f6le<\/p>\n","protected":false},"excerpt":{"rendered":"<p>F\u00fcr alle Haut- und Haartypen.<\/p>\n","protected":false},"featured_media":3579,"template":"","meta":{"_kad_post_transparent":"","_kad_post_title":"","_kad_post_layout":"","_kad_post_sidebar_id":"","_kad_post_content_style":"","_kad_post_vertical_padding":"","_kad_post_feature":"","_kad_post_feature_position":"","_kad_post_header":false,"_kad_post_footer":false,"_kad_post_classname":""},"product_brand":[],"product_cat":[204,94,106,216,195,118,76,121,127],"product_tag":[],"class_list":{"0":"post-3582","1":"product","2":"type-product","3":"status-publish","4":"has-post-thumbnail","6":"product_cat-feuchtigkeitspflege","7":"product_cat-gesicht","8":"product_cat-haare","9":"product_cat-haarpflege","10":"product_cat-hautpflege","11":"product_cat-kinder","12":"product_cat-koerper","13":"product_cat-koerperpflege","14":"product_cat-marias-de","16":"first","17":"instock","18":"shipping-taxable","19":"purchasable","20":"product-type-simple","21":"entry","22":"content-bg","23":"loop-entry"},"_links":{"self":[{"href":"https:\/\/sourcenaturelle.eu\/de\/wp-json\/wp\/v2\/product\/3582","targetHints":{"allow":["GET"]}}],"collection":[{"href":"https:\/\/sourcenaturelle.eu\/de\/wp-json\/wp\/v2\/product"}],"about":[{"href":"https:\/\/sourcenaturelle.eu\/de\/wp-json\/wp\/v2\/types\/product"}],"wp:featuredmedia":[{"embeddable":true,"href":"https:\/\/sourcenaturelle.eu\/de\/wp-json\/wp\/v2\/media\/3579"}],"wp:attachment":[{"href":"https:\/\/sourcenaturelle.eu\/de\/wp-json\/wp\/v2\/media?parent=3582"}],"wp:term":[{"taxonomy":"product_brand","embeddable":true,"href":"https:\/\/sourcenaturelle.eu\/de\/wp-json\/wp\/v2\/product_brand?post=3582"},{"taxonomy":"product_cat","embeddable":true,"href":"https:\/\/sourcenaturelle.eu\/de\/wp-json\/wp\/v2\/product_cat?post=3582"},{"taxonomy":"product_tag","embeddable":true,"href":"https:\/\/sourcenaturelle.eu\/de\/wp-json\/wp\/v2\/product_tag?post=3582"}],"curies":[{"name":"wp","href":"https:\/\/api.w.org\/{rel}","templated":true}]}}