{"id":3574,"date":"2021-06-24T21:12:48","date_gmt":"2021-06-24T21:12:48","guid":{"rendered":"https:\/\/sourcenaturelle.eu\/product\/marias-bio-korperol-seelenbalsam-kokosnuss-und-jojoba-100-ml\/"},"modified":"2021-06-24T21:12:48","modified_gmt":"2021-06-24T21:12:48","slug":"marias-bio-korperol-seelenbalsam-kokosnuss-und-jojoba-100-ml","status":"publish","type":"product","link":"https:\/\/sourcenaturelle.eu\/de\/produkt\/marias-bio-korperol-seelenbalsam-kokosnuss-und-jojoba-100-ml\/","title":{"rendered":"MARIAS Bio-K\u00f6rper\u00f6l Seelenbalsam, Kokosnuss und Jojoba, 100 ml"},"content":{"rendered":"<p>Diese einzigartige Kombination aus zwei bet\u00f6rend duftenden Pflanzenfetten reguliert den Feuchtigkeitsgehalt der Haut, macht sie weich und geschmeidig und zieht schnell ein. Kann auch zur Pflege der Haarspitzen verwendet werden!<\/p>\n<p>Das \u00d6l kann bei niedrigen Temperaturen fest werden; um es wieder fl\u00fcssig zu machen, legen Sie es einfach kurz in ein Glas mit hei\u00dfem Wasser.<\/p>\n","protected":false},"excerpt":{"rendered":"<p>F\u00fcr alle Haut- und Haartypen.<\/p>\n","protected":false},"featured_media":3571,"template":"","meta":{"_kad_post_transparent":"","_kad_post_title":"","_kad_post_layout":"","_kad_post_sidebar_id":"","_kad_post_content_style":"","_kad_post_vertical_padding":"","_kad_post_feature":"","_kad_post_feature_position":"","_kad_post_header":false,"_kad_post_footer":false,"_kad_post_classname":""},"product_brand":[],"product_cat":[204,94,106,216,195,76,127],"product_tag":[],"class_list":{"0":"post-3574","1":"product","2":"type-product","3":"status-publish","4":"has-post-thumbnail","6":"product_cat-feuchtigkeitspflege","7":"product_cat-gesicht","8":"product_cat-haare","9":"product_cat-haarpflege","10":"product_cat-hautpflege","11":"product_cat-koerper","12":"product_cat-marias-de","14":"first","15":"instock","16":"shipping-taxable","17":"purchasable","18":"product-type-simple","19":"entry","20":"content-bg","21":"loop-entry"},"_links":{"self":[{"href":"https:\/\/sourcenaturelle.eu\/de\/wp-json\/wp\/v2\/product\/3574","targetHints":{"allow":["GET"]}}],"collection":[{"href":"https:\/\/sourcenaturelle.eu\/de\/wp-json\/wp\/v2\/product"}],"about":[{"href":"https:\/\/sourcenaturelle.eu\/de\/wp-json\/wp\/v2\/types\/product"}],"wp:featuredmedia":[{"embeddable":true,"href":"https:\/\/sourcenaturelle.eu\/de\/wp-json\/wp\/v2\/media\/3571"}],"wp:attachment":[{"href":"https:\/\/sourcenaturelle.eu\/de\/wp-json\/wp\/v2\/media?parent=3574"}],"wp:term":[{"taxonomy":"product_brand","embeddable":true,"href":"https:\/\/sourcenaturelle.eu\/de\/wp-json\/wp\/v2\/product_brand?post=3574"},{"taxonomy":"product_cat","embeddable":true,"href":"https:\/\/sourcenaturelle.eu\/de\/wp-json\/wp\/v2\/product_cat?post=3574"},{"taxonomy":"product_tag","embeddable":true,"href":"https:\/\/sourcenaturelle.eu\/de\/wp-json\/wp\/v2\/product_tag?post=3574"}],"curies":[{"name":"wp","href":"https:\/\/api.w.org\/{rel}","templated":true}]}}