{"id":3558,"date":"2021-06-24T19:46:18","date_gmt":"2021-06-24T19:46:18","guid":{"rendered":"https:\/\/sourcenaturelle.eu\/product\/marias-schaumi-bio-reinigungsschaum-100-ml\/"},"modified":"2021-06-24T19:46:18","modified_gmt":"2021-06-24T19:46:18","slug":"marias-schaumi-bio-reinigungsschaum-100-ml","status":"publish","type":"product","link":"https:\/\/sourcenaturelle.eu\/de\/produkt\/marias-schaumi-bio-reinigungsschaum-100-ml\/","title":{"rendered":"MARIAS Schaumi Bio Reinigungsschaum, 100 ml"},"content":{"rendered":"<p>H\u00e4ndewaschen? Macht Spa\u00df!<br \/>\nMit Schaumi, dem duftenden Babyelefanten, wird die gr\u00fcndliche Reinigung von Haut &#038; Haar zum Kinderspiel!<br \/>\nSchaumi ist ein einzigartiges all-in-one Reinigungsprodukt f\u00fcr Kinder, geeignet zum H\u00e4ndewaschen, zum Duschen und zum Haarewaschen. Die besonders schonende Rezeptur reinigt Kinderhaut sanft, aber gr\u00fcndlich, und bildet einen weichen Schaum, den Kinder lieben.  Ein wunderbarer t\u00e4glicher Begleiter!<\/p>\n<p>Schaumi ist<br \/>\n&#8211; nachhaltig mit Nachf\u00fcllung: F\u00fcr den 100 ml Sch\u00e4umer gibt es ein kosteng\u00fcnstiges Konzentrat (250 ml) zur Nachf\u00fcllung \u2013 dieses reicht f\u00fcr 5 Mal nachf\u00fcllen!<br \/>\n&#8211; Sparsam in der Anwendung: Ein Pumpsto\u00df reicht zum H\u00e4ndewaschen!<br \/>\n&#8211; mit wunderbar fruchtigem Mandarinenduft<\/p>\n","protected":false},"excerpt":{"rendered":"<p>H\u00e4ndewaschen? Macht Spa\u00df! Mit Schaumi, dem duftenden Babyelefanten, wird die gr\u00fcndliche Reinigung von Haut &#038; Haar zum Kinderspiel! Schaumi ist ein einzigartiges all-in-one Reinigungsprodukt f\u00fcr Kinder, geeignet zum H\u00e4ndewaschen, zum Duschen und zum Haarewaschen. Die besonders schonende Rezeptur reinigt Kinderhaut sanft, aber gr\u00fcndlich, und bildet einen weichen Schaum, den Kinder lieben. Ein wunderbarer t\u00e4glicher Begleiter!&#8230;<\/p>\n","protected":false},"featured_media":3555,"template":"","meta":{"_kad_post_transparent":"","_kad_post_title":"","_kad_post_layout":"","_kad_post_sidebar_id":"","_kad_post_content_style":"","_kad_post_vertical_padding":"","_kad_post_feature":"","_kad_post_feature_position":"","_kad_post_header":false,"_kad_post_footer":false,"_kad_post_classname":""},"product_brand":[],"product_cat":[189,124,118,76,127],"product_tag":[],"class_list":{"0":"post-3558","1":"product","2":"type-product","3":"status-publish","4":"has-post-thumbnail","6":"product_cat-bad-dusche","7":"product_cat-dusche-shampoo","8":"product_cat-kinder","9":"product_cat-koerper","10":"product_cat-marias-de","12":"first","13":"instock","14":"shipping-taxable","15":"purchasable","16":"product-type-simple","17":"entry","18":"content-bg","19":"loop-entry"},"_links":{"self":[{"href":"https:\/\/sourcenaturelle.eu\/de\/wp-json\/wp\/v2\/product\/3558","targetHints":{"allow":["GET"]}}],"collection":[{"href":"https:\/\/sourcenaturelle.eu\/de\/wp-json\/wp\/v2\/product"}],"about":[{"href":"https:\/\/sourcenaturelle.eu\/de\/wp-json\/wp\/v2\/types\/product"}],"wp:featuredmedia":[{"embeddable":true,"href":"https:\/\/sourcenaturelle.eu\/de\/wp-json\/wp\/v2\/media\/3555"}],"wp:attachment":[{"href":"https:\/\/sourcenaturelle.eu\/de\/wp-json\/wp\/v2\/media?parent=3558"}],"wp:term":[{"taxonomy":"product_brand","embeddable":true,"href":"https:\/\/sourcenaturelle.eu\/de\/wp-json\/wp\/v2\/product_brand?post=3558"},{"taxonomy":"product_cat","embeddable":true,"href":"https:\/\/sourcenaturelle.eu\/de\/wp-json\/wp\/v2\/product_cat?post=3558"},{"taxonomy":"product_tag","embeddable":true,"href":"https:\/\/sourcenaturelle.eu\/de\/wp-json\/wp\/v2\/product_tag?post=3558"}],"curies":[{"name":"wp","href":"https:\/\/api.w.org\/{rel}","templated":true}]}}