{"id":3548,"date":"2021-06-24T14:38:23","date_gmt":"2021-06-24T14:38:23","guid":{"rendered":"https:\/\/sourcenaturelle.eu\/product\/marias-bio-aufbauspray-aloe-weizenprotein-125-ml\/"},"modified":"2021-06-24T14:38:23","modified_gmt":"2021-06-24T14:38:23","slug":"marias-bio-aufbauspray-aloe-weizenprotein-125-ml","status":"publish","type":"product","link":"https:\/\/sourcenaturelle.eu\/de\/produkt\/marias-bio-aufbauspray-aloe-weizenprotein-125-ml\/","title":{"rendered":"MARIAS Bio Aufbauspray Aloe &#038; Weizenprotein, 125 ml"},"content":{"rendered":"<p>Strukturaufbau und Kr\u00e4ftigung f\u00fcr strapaziertes Haar: Die verletzte Haarstruktur wird durch Aloe Vera und Weizenprotein effektvoll gest\u00e4rkt und aufgebaut, Kamillenbl\u00fctenhydrolat und Kr\u00e4uterausz\u00fcge pflegen, Essig wirkt ausgleichend. Besonders geeignet beim Umstieg von chemisch behandeltem Haar.<\/p>\n<p>Anwendung<br \/>\nNach der Haarw\u00e4sche als Schnellkur ins handtuchtrockene Haar spr\u00fchen, wie gewohnt stylen. Oder als Extra-Pflege zwischendurch: Haare und Kopfhaut b\u00fcrsten, Aufbauspray auf das trockene Haar und den Haarboden spr\u00fchen, trocknen lassen.<\/p>\n","protected":false},"excerpt":{"rendered":"<p>F\u00fcr strapaziertes Haar<\/p>\n","protected":false},"featured_media":4915,"template":"","meta":{"_kad_post_transparent":"","_kad_post_title":"","_kad_post_layout":"","_kad_post_sidebar_id":"","_kad_post_content_style":"","_kad_post_vertical_padding":"","_kad_post_feature":"","_kad_post_feature_position":"","_kad_post_header":false,"_kad_post_footer":false,"_kad_post_classname":""},"product_brand":[],"product_cat":[106,216,127],"product_tag":[],"class_list":{"0":"post-3548","1":"product","2":"type-product","3":"status-publish","4":"has-post-thumbnail","6":"product_cat-haare","7":"product_cat-haarpflege","8":"product_cat-marias-de","10":"first","11":"instock","12":"shipping-taxable","13":"purchasable","14":"product-type-simple","15":"entry","16":"content-bg","17":"loop-entry"},"_links":{"self":[{"href":"https:\/\/sourcenaturelle.eu\/de\/wp-json\/wp\/v2\/product\/3548","targetHints":{"allow":["GET"]}}],"collection":[{"href":"https:\/\/sourcenaturelle.eu\/de\/wp-json\/wp\/v2\/product"}],"about":[{"href":"https:\/\/sourcenaturelle.eu\/de\/wp-json\/wp\/v2\/types\/product"}],"wp:featuredmedia":[{"embeddable":true,"href":"https:\/\/sourcenaturelle.eu\/de\/wp-json\/wp\/v2\/media\/4915"}],"wp:attachment":[{"href":"https:\/\/sourcenaturelle.eu\/de\/wp-json\/wp\/v2\/media?parent=3548"}],"wp:term":[{"taxonomy":"product_brand","embeddable":true,"href":"https:\/\/sourcenaturelle.eu\/de\/wp-json\/wp\/v2\/product_brand?post=3548"},{"taxonomy":"product_cat","embeddable":true,"href":"https:\/\/sourcenaturelle.eu\/de\/wp-json\/wp\/v2\/product_cat?post=3548"},{"taxonomy":"product_tag","embeddable":true,"href":"https:\/\/sourcenaturelle.eu\/de\/wp-json\/wp\/v2\/product_tag?post=3548"}],"curies":[{"name":"wp","href":"https:\/\/api.w.org\/{rel}","templated":true}]}}