{"id":3540,"date":"2021-06-24T12:47:23","date_gmt":"2021-06-24T12:47:23","guid":{"rendered":"https:\/\/sourcenaturelle.eu\/product\/marias-bio-haarmaske-intensive-repair-150-ml\/"},"modified":"2021-06-24T12:47:23","modified_gmt":"2021-06-24T12:47:23","slug":"marias-bio-haarmaske-intensive-repair-150-ml","status":"publish","type":"product","link":"https:\/\/sourcenaturelle.eu\/de\/produkt\/marias-bio-haarmaske-intensive-repair-150-ml\/","title":{"rendered":"MARIAS Bio Haarmaske Intensive Repair, 150 ml"},"content":{"rendered":"<p>Intensive Pflege mit Jojoba\u00f6l, Mandel\u00f6l und Sheabutter, vom Haaransatz bis zur Spitze. Speziell f\u00fcr strapaziertes, br\u00fcchiges und trockenes Haar. Das Ergebnis ist geschmeidiges, seidiges Haar, das wieder gesund gl\u00e4nzt.<\/p>\n<p>Auf den Haarl\u00e4ngen verteilen, 10 Minuten einwirken lassen, mit k\u00fchlem Wasser aussp\u00fclen. Mit zus\u00e4tzlicher W\u00e4rme (zum Beispiel unter einer Frischhaltefolie) wird die Wirkung verst\u00e4rkt. Wir empfehlen die Anwendung einmal w\u00f6chentlich.<\/p>\n","protected":false},"excerpt":{"rendered":"<p>Speziell f\u00fcr strapaziertes, br\u00fcchiges und trockenes Haar.<\/p>\n","protected":false},"featured_media":4919,"template":"","meta":{"_kad_post_transparent":"","_kad_post_title":"","_kad_post_layout":"","_kad_post_sidebar_id":"","_kad_post_content_style":"","_kad_post_vertical_padding":"","_kad_post_feature":"","_kad_post_feature_position":"","_kad_post_header":false,"_kad_post_footer":false,"_kad_post_classname":""},"product_brand":[],"product_cat":[106,216,127,210],"product_tag":[],"class_list":{"0":"post-3540","1":"product","2":"type-product","3":"status-publish","4":"has-post-thumbnail","6":"product_cat-haare","7":"product_cat-haarpflege","8":"product_cat-marias-de","9":"product_cat-shampoo-spulung","11":"first","12":"instock","13":"shipping-taxable","14":"purchasable","15":"product-type-simple","16":"entry","17":"content-bg","18":"loop-entry"},"_links":{"self":[{"href":"https:\/\/sourcenaturelle.eu\/de\/wp-json\/wp\/v2\/product\/3540","targetHints":{"allow":["GET"]}}],"collection":[{"href":"https:\/\/sourcenaturelle.eu\/de\/wp-json\/wp\/v2\/product"}],"about":[{"href":"https:\/\/sourcenaturelle.eu\/de\/wp-json\/wp\/v2\/types\/product"}],"wp:featuredmedia":[{"embeddable":true,"href":"https:\/\/sourcenaturelle.eu\/de\/wp-json\/wp\/v2\/media\/4919"}],"wp:attachment":[{"href":"https:\/\/sourcenaturelle.eu\/de\/wp-json\/wp\/v2\/media?parent=3540"}],"wp:term":[{"taxonomy":"product_brand","embeddable":true,"href":"https:\/\/sourcenaturelle.eu\/de\/wp-json\/wp\/v2\/product_brand?post=3540"},{"taxonomy":"product_cat","embeddable":true,"href":"https:\/\/sourcenaturelle.eu\/de\/wp-json\/wp\/v2\/product_cat?post=3540"},{"taxonomy":"product_tag","embeddable":true,"href":"https:\/\/sourcenaturelle.eu\/de\/wp-json\/wp\/v2\/product_tag?post=3540"}],"curies":[{"name":"wp","href":"https:\/\/api.w.org\/{rel}","templated":true}]}}