{"id":3532,"date":"2021-06-24T12:31:50","date_gmt":"2021-06-24T12:31:50","guid":{"rendered":"https:\/\/sourcenaturelle.eu\/product\/marias-bio-haarbalsam-sensitive-care-150-ml\/"},"modified":"2021-06-24T12:31:50","modified_gmt":"2021-06-24T12:31:50","slug":"marias-bio-haarbalsam-sensitive-care-150-ml","status":"publish","type":"product","link":"https:\/\/sourcenaturelle.eu\/de\/produkt\/marias-bio-haarbalsam-sensitive-care-150-ml\/","title":{"rendered":"MARIAS Bio Haarbalsam Sensitive Care, 150 ml"},"content":{"rendered":"<p>Hochwirksame Inhaltsstoffe wie Sesam\u00f6l, Kr\u00e4uterausz\u00fcge und Aloe Vera Saft verbessern die Haarstruktur und machen das Haar geschmeidig und leicht k\u00e4mmbar, ohne die Frisur in ihrer Form zu beschweren. Die Extra-Pflege nach jeder Haarw\u00e4sche.<\/p>\n<p>Anwendung<br \/>\nAls Pflegesp\u00fclung ins nasse Haar einarbeiten, ohne Einwirkzeit wieder aussp\u00fclen. Kann auch schon ins Haar eingearbeitet werden bevor das Shampoo ausgesp\u00fclt wird. Bei besonders trockenem oder spr\u00f6dem Haar kann der Balsam auch in geringer Menge im Haar belassen werden.<\/p>\n","protected":false},"excerpt":{"rendered":"<p>F\u00fcr alle Haartypen.<\/p>\n","protected":false},"featured_media":4923,"template":"","meta":{"_kad_post_transparent":"","_kad_post_title":"","_kad_post_layout":"","_kad_post_sidebar_id":"","_kad_post_content_style":"","_kad_post_vertical_padding":"","_kad_post_feature":"","_kad_post_feature_position":"","_kad_post_header":false,"_kad_post_footer":false,"_kad_post_classname":""},"product_brand":[],"product_cat":[106,127,210],"product_tag":[],"class_list":{"0":"post-3532","1":"product","2":"type-product","3":"status-publish","4":"has-post-thumbnail","6":"product_cat-haare","7":"product_cat-marias-de","8":"product_cat-shampoo-spulung","10":"first","11":"instock","12":"shipping-taxable","13":"purchasable","14":"product-type-simple","15":"entry","16":"content-bg","17":"loop-entry"},"_links":{"self":[{"href":"https:\/\/sourcenaturelle.eu\/de\/wp-json\/wp\/v2\/product\/3532","targetHints":{"allow":["GET"]}}],"collection":[{"href":"https:\/\/sourcenaturelle.eu\/de\/wp-json\/wp\/v2\/product"}],"about":[{"href":"https:\/\/sourcenaturelle.eu\/de\/wp-json\/wp\/v2\/types\/product"}],"wp:featuredmedia":[{"embeddable":true,"href":"https:\/\/sourcenaturelle.eu\/de\/wp-json\/wp\/v2\/media\/4923"}],"wp:attachment":[{"href":"https:\/\/sourcenaturelle.eu\/de\/wp-json\/wp\/v2\/media?parent=3532"}],"wp:term":[{"taxonomy":"product_brand","embeddable":true,"href":"https:\/\/sourcenaturelle.eu\/de\/wp-json\/wp\/v2\/product_brand?post=3532"},{"taxonomy":"product_cat","embeddable":true,"href":"https:\/\/sourcenaturelle.eu\/de\/wp-json\/wp\/v2\/product_cat?post=3532"},{"taxonomy":"product_tag","embeddable":true,"href":"https:\/\/sourcenaturelle.eu\/de\/wp-json\/wp\/v2\/product_tag?post=3532"}],"curies":[{"name":"wp","href":"https:\/\/api.w.org\/{rel}","templated":true}]}}