{"id":3468,"date":"2021-06-23T08:20:48","date_gmt":"2021-06-23T08:20:48","guid":{"rendered":"https:\/\/sourcenaturelle.eu\/product\/bio-shampoo-olive-everyday-hair-body-250-ml\/"},"modified":"2021-06-30T22:16:44","modified_gmt":"2021-06-30T22:16:44","slug":"bio-shampoo-olive-everyday-hair-body-250-ml","status":"publish","type":"product","link":"https:\/\/sourcenaturelle.eu\/de\/produkt\/bio-shampoo-olive-everyday-hair-body-250-ml\/","title":{"rendered":"MARIAS Bio Shampoo Olive Everyday Hair &#038; Body, 250 ml"},"content":{"rendered":"<p>Dieses Shampoo mit einem hohen Anteil an Bio-Oliven\u00f6l, Ausz\u00fcgen aus Olivenbl\u00e4ttern und Aloe Vera Saft ist f\u00fcr jede Haut und jedes Haar geeignet, aber besonders zu empfehlen f\u00fcr M\u00e4nner, die t\u00e4glich duschen und die Haare waschen. Genie\u00dfen sie den Duft der griechischen Olivenhaine: Mit \u00e4therischen \u00d6len von Zypresse, Myrte, Cistrose, Lavendel, Basilikum und Petit Grain.<\/p>\n","protected":false},"excerpt":{"rendered":"<p>F\u00fcr jede Haut und jedes Haar<\/p>\n","protected":false},"featured_media":3465,"template":"","meta":{"_kad_post_transparent":"","_kad_post_title":"","_kad_post_layout":"","_kad_post_sidebar_id":"","_kad_post_content_style":"","_kad_post_vertical_padding":"","_kad_post_feature":"","_kad_post_feature_position":"","_kad_post_header":false,"_kad_post_footer":false,"_kad_post_classname":""},"product_brand":[],"product_cat":[189,106,76,127,210],"product_tag":[],"class_list":{"0":"post-3468","1":"product","2":"type-product","3":"status-publish","4":"has-post-thumbnail","6":"product_cat-bad-dusche","7":"product_cat-haare","8":"product_cat-koerper","9":"product_cat-marias-de","10":"product_cat-shampoo-spulung","12":"first","13":"instock","14":"shipping-taxable","15":"purchasable","16":"product-type-simple","17":"entry","18":"content-bg","19":"loop-entry"},"_links":{"self":[{"href":"https:\/\/sourcenaturelle.eu\/de\/wp-json\/wp\/v2\/product\/3468","targetHints":{"allow":["GET"]}}],"collection":[{"href":"https:\/\/sourcenaturelle.eu\/de\/wp-json\/wp\/v2\/product"}],"about":[{"href":"https:\/\/sourcenaturelle.eu\/de\/wp-json\/wp\/v2\/types\/product"}],"wp:featuredmedia":[{"embeddable":true,"href":"https:\/\/sourcenaturelle.eu\/de\/wp-json\/wp\/v2\/media\/3465"}],"wp:attachment":[{"href":"https:\/\/sourcenaturelle.eu\/de\/wp-json\/wp\/v2\/media?parent=3468"}],"wp:term":[{"taxonomy":"product_brand","embeddable":true,"href":"https:\/\/sourcenaturelle.eu\/de\/wp-json\/wp\/v2\/product_brand?post=3468"},{"taxonomy":"product_cat","embeddable":true,"href":"https:\/\/sourcenaturelle.eu\/de\/wp-json\/wp\/v2\/product_cat?post=3468"},{"taxonomy":"product_tag","embeddable":true,"href":"https:\/\/sourcenaturelle.eu\/de\/wp-json\/wp\/v2\/product_tag?post=3468"}],"curies":[{"name":"wp","href":"https:\/\/api.w.org\/{rel}","templated":true}]}}