{"id":3460,"date":"2021-06-23T08:12:30","date_gmt":"2021-06-23T08:12:30","guid":{"rendered":"https:\/\/sourcenaturelle.eu\/product\/marias-bio-shampoo-bier-honig-volume-care-250-ml\/"},"modified":"2021-06-23T08:12:30","modified_gmt":"2021-06-23T08:12:30","slug":"marias-bio-shampoo-bier-honig-volume-care-250-ml","status":"publish","type":"product","link":"https:\/\/sourcenaturelle.eu\/de\/produkt\/marias-bio-shampoo-bier-honig-volume-care-250-ml\/","title":{"rendered":"MARIAS Bio Shampoo Bier &#038; Honig Volume Care, 250 ml"},"content":{"rendered":"<p>Dieses Shampoo mit den unterst\u00fctzenden Eigenschaften von Bier, Honig, Weizenprotein und Brennessel-Kr\u00e4uterausz\u00fcgen ist besonders f\u00fcr d\u00fcnnes, kraftloses Haar zu empfehlen: Es kr\u00e4ftigt das Haar und gibt ihm F\u00fclle und Glanz. Mit frisch-fruchtigem Duft von Orange, Limette u. a.<\/p>\n","protected":false},"excerpt":{"rendered":"<p>F\u00fcr d\u00fcnnes, kraftloses Haar<\/p>\n","protected":false},"featured_media":3457,"template":"","meta":{"_kad_post_transparent":"","_kad_post_title":"","_kad_post_layout":"","_kad_post_sidebar_id":"","_kad_post_content_style":"","_kad_post_vertical_padding":"","_kad_post_feature":"","_kad_post_feature_position":"","_kad_post_header":false,"_kad_post_footer":false,"_kad_post_classname":""},"product_brand":[],"product_cat":[106,127,210],"product_tag":[],"class_list":{"0":"post-3460","1":"product","2":"type-product","3":"status-publish","4":"has-post-thumbnail","6":"product_cat-haare","7":"product_cat-marias-de","8":"product_cat-shampoo-spulung","10":"first","11":"instock","12":"shipping-taxable","13":"purchasable","14":"product-type-simple","15":"entry","16":"content-bg","17":"loop-entry"},"_links":{"self":[{"href":"https:\/\/sourcenaturelle.eu\/de\/wp-json\/wp\/v2\/product\/3460","targetHints":{"allow":["GET"]}}],"collection":[{"href":"https:\/\/sourcenaturelle.eu\/de\/wp-json\/wp\/v2\/product"}],"about":[{"href":"https:\/\/sourcenaturelle.eu\/de\/wp-json\/wp\/v2\/types\/product"}],"wp:featuredmedia":[{"embeddable":true,"href":"https:\/\/sourcenaturelle.eu\/de\/wp-json\/wp\/v2\/media\/3457"}],"wp:attachment":[{"href":"https:\/\/sourcenaturelle.eu\/de\/wp-json\/wp\/v2\/media?parent=3460"}],"wp:term":[{"taxonomy":"product_brand","embeddable":true,"href":"https:\/\/sourcenaturelle.eu\/de\/wp-json\/wp\/v2\/product_brand?post=3460"},{"taxonomy":"product_cat","embeddable":true,"href":"https:\/\/sourcenaturelle.eu\/de\/wp-json\/wp\/v2\/product_cat?post=3460"},{"taxonomy":"product_tag","embeddable":true,"href":"https:\/\/sourcenaturelle.eu\/de\/wp-json\/wp\/v2\/product_tag?post=3460"}],"curies":[{"name":"wp","href":"https:\/\/api.w.org\/{rel}","templated":true}]}}