{"id":3444,"date":"2021-06-23T07:55:20","date_gmt":"2021-06-23T07:55:20","guid":{"rendered":"https:\/\/sourcenaturelle.eu\/product\/marias-bio-shampoo-rosmarin-clear-shine-250-ml\/"},"modified":"2021-06-23T07:55:20","modified_gmt":"2021-06-23T07:55:20","slug":"marias-bio-shampoo-rosmarin-clear-shine-250-ml","status":"publish","type":"product","link":"https:\/\/sourcenaturelle.eu\/de\/produkt\/marias-bio-shampoo-rosmarin-clear-shine-250-ml\/","title":{"rendered":"MARIAS Bio Shampoo Rosmarin Clear &#038; Shine, 250 ml"},"content":{"rendered":"<p>Ausz\u00fcge aus Rosmarin, Brennessel, Neemrinde, Eichenrinde, S\u00fc\u00df- holzwurzel und Salbei bieten das Wirkstoffspektrum f\u00fcr die Pflege von schnell fettendem Haar und Kopfhaut, und bei Schuppenbildung. Angenehm frischer, krautiger Duft nach Rosmarin, Wacholder, Salbei, Basilikum u. a.<\/p>\n","protected":false},"excerpt":{"rendered":"<p>F\u00fcr schnelle fettende Kopfhaut und Haare und bei Schuppenbildung.<\/p>\n","protected":false},"featured_media":3441,"template":"","meta":{"_kad_post_transparent":"","_kad_post_title":"","_kad_post_layout":"","_kad_post_sidebar_id":"","_kad_post_content_style":"","_kad_post_vertical_padding":"","_kad_post_feature":"","_kad_post_feature_position":"","_kad_post_header":false,"_kad_post_footer":false,"_kad_post_classname":""},"product_brand":[],"product_cat":[106,127,210],"product_tag":[],"class_list":{"0":"post-3444","1":"product","2":"type-product","3":"status-publish","4":"has-post-thumbnail","6":"product_cat-haare","7":"product_cat-marias-de","8":"product_cat-shampoo-spulung","10":"first","11":"instock","12":"shipping-taxable","13":"purchasable","14":"product-type-simple","15":"entry","16":"content-bg","17":"loop-entry"},"_links":{"self":[{"href":"https:\/\/sourcenaturelle.eu\/de\/wp-json\/wp\/v2\/product\/3444","targetHints":{"allow":["GET"]}}],"collection":[{"href":"https:\/\/sourcenaturelle.eu\/de\/wp-json\/wp\/v2\/product"}],"about":[{"href":"https:\/\/sourcenaturelle.eu\/de\/wp-json\/wp\/v2\/types\/product"}],"wp:featuredmedia":[{"embeddable":true,"href":"https:\/\/sourcenaturelle.eu\/de\/wp-json\/wp\/v2\/media\/3441"}],"wp:attachment":[{"href":"https:\/\/sourcenaturelle.eu\/de\/wp-json\/wp\/v2\/media?parent=3444"}],"wp:term":[{"taxonomy":"product_brand","embeddable":true,"href":"https:\/\/sourcenaturelle.eu\/de\/wp-json\/wp\/v2\/product_brand?post=3444"},{"taxonomy":"product_cat","embeddable":true,"href":"https:\/\/sourcenaturelle.eu\/de\/wp-json\/wp\/v2\/product_cat?post=3444"},{"taxonomy":"product_tag","embeddable":true,"href":"https:\/\/sourcenaturelle.eu\/de\/wp-json\/wp\/v2\/product_tag?post=3444"}],"curies":[{"name":"wp","href":"https:\/\/api.w.org\/{rel}","templated":true}]}}