{"id":3428,"date":"2021-06-22T23:42:23","date_gmt":"2021-06-22T23:42:23","guid":{"rendered":"https:\/\/sourcenaturelle.eu\/product\/marias-bio-lippenbalsam-mit-sanddorn-46-g\/"},"modified":"2021-06-22T23:42:23","modified_gmt":"2021-06-22T23:42:23","slug":"marias-bio-lippenbalsam-mit-sanddorn-46-g","status":"publish","type":"product","link":"https:\/\/sourcenaturelle.eu\/de\/produkt\/marias-bio-lippenbalsam-mit-sanddorn-46-g\/","title":{"rendered":"MARIAS Bio Lippenbalsam mit Sanddorn, 4,6 g"},"content":{"rendered":"<p>Schutz und Pflege f\u00fcr Ihre Lippen mit hochwertigen nat\u00fcrlichen \u00d6len und Wachsen wie Kokos\u00f6l, Bienenwachs, Wollwachs, Jojoba\u00f6l und Sheabutter; Sanddorn\u00f6l bietet pflanzlichen Lichtschutz.  Schmeckt gut, macht Ihre Lippen nicht abh\u00e4ngig und pflegt sie weich und geschmeidig. Auch f\u00fcr Kinder geeignet.<\/p>\n","protected":false},"excerpt":{"rendered":"<p>Schutz und Pflege f\u00fcr Ihre Lippen mit hochwertigen nat\u00fcrlichen \u00d6len und Wachsen wie Kokos\u00f6l, Bienenwachs, Wollwachs, Jojoba\u00f6l und Sheabutter; Sanddorn\u00f6l bietet pflanzlichen Lichtschutz. Schmeckt gut, macht Ihre Lippen nicht abh\u00e4ngig und pflegt sie weich und geschmeidig. Auch f\u00fcr Kinder geeignet.<\/p>\n","protected":false},"featured_media":3425,"template":"","meta":{"_kad_post_transparent":"","_kad_post_title":"","_kad_post_layout":"","_kad_post_sidebar_id":"","_kad_post_content_style":"","_kad_post_vertical_padding":"","_kad_post_feature":"","_kad_post_feature_position":"","_kad_post_header":false,"_kad_post_footer":false,"_kad_post_classname":""},"product_brand":[],"product_cat":[201,94,118,121,127],"product_tag":[],"class_list":{"0":"post-3428","1":"product","2":"type-product","3":"status-publish","4":"has-post-thumbnail","6":"product_cat-augen-lippen","7":"product_cat-gesicht","8":"product_cat-kinder","9":"product_cat-koerperpflege","10":"product_cat-marias-de","12":"first","13":"instock","14":"shipping-taxable","15":"purchasable","16":"product-type-simple","17":"entry","18":"content-bg","19":"loop-entry"},"_links":{"self":[{"href":"https:\/\/sourcenaturelle.eu\/de\/wp-json\/wp\/v2\/product\/3428","targetHints":{"allow":["GET"]}}],"collection":[{"href":"https:\/\/sourcenaturelle.eu\/de\/wp-json\/wp\/v2\/product"}],"about":[{"href":"https:\/\/sourcenaturelle.eu\/de\/wp-json\/wp\/v2\/types\/product"}],"wp:featuredmedia":[{"embeddable":true,"href":"https:\/\/sourcenaturelle.eu\/de\/wp-json\/wp\/v2\/media\/3425"}],"wp:attachment":[{"href":"https:\/\/sourcenaturelle.eu\/de\/wp-json\/wp\/v2\/media?parent=3428"}],"wp:term":[{"taxonomy":"product_brand","embeddable":true,"href":"https:\/\/sourcenaturelle.eu\/de\/wp-json\/wp\/v2\/product_brand?post=3428"},{"taxonomy":"product_cat","embeddable":true,"href":"https:\/\/sourcenaturelle.eu\/de\/wp-json\/wp\/v2\/product_cat?post=3428"},{"taxonomy":"product_tag","embeddable":true,"href":"https:\/\/sourcenaturelle.eu\/de\/wp-json\/wp\/v2\/product_tag?post=3428"}],"curies":[{"name":"wp","href":"https:\/\/api.w.org\/{rel}","templated":true}]}}