{"id":3404,"date":"2021-06-22T23:15:48","date_gmt":"2021-06-22T23:15:48","guid":{"rendered":"https:\/\/sourcenaturelle.eu\/product\/marias-bio-deo-spray-50-ml\/"},"modified":"2021-06-22T23:15:48","modified_gmt":"2021-06-22T23:15:48","slug":"marias-bio-deo-spray-50-ml","status":"publish","type":"product","link":"https:\/\/sourcenaturelle.eu\/de\/produkt\/marias-bio-deo-spray-50-ml\/","title":{"rendered":"MARIAS Bio Deo Spray, 50 ml"},"content":{"rendered":"<p>Nat\u00fcrliche Frische: Heimisches Steinsalz in Salbeihydrolat gel\u00f6st, frisch duftende \u00e4therische \u00d6le und Mikrosilber reduzieren die Schwei\u00dfbildung und verhindern K\u00f6rpergeruch.<br \/>\nOhne Aluminium!<\/p>\n","protected":false},"excerpt":{"rendered":"<p>Nat\u00fcrliche Frische: Heimisches Steinsalz in Salbeihydrolat gel\u00f6st, frisch duftende \u00e4therische \u00d6le und Mikrosilber reduzieren die Schwei\u00dfbildung und verhindern K\u00f6rpergeruch. Ohne Aluminium!<\/p>\n","protected":false},"featured_media":3401,"template":"","meta":{"_kad_post_transparent":"","_kad_post_title":"","_kad_post_layout":"","_kad_post_sidebar_id":"","_kad_post_content_style":"","_kad_post_vertical_padding":"","_kad_post_feature":"","_kad_post_feature_position":"","_kad_post_header":false,"_kad_post_footer":false,"_kad_post_classname":""},"product_brand":[],"product_cat":[192,76,127],"product_tag":[],"class_list":{"0":"post-3404","1":"product","2":"type-product","3":"status-publish","4":"has-post-thumbnail","6":"product_cat-deodorants-de","7":"product_cat-koerper","8":"product_cat-marias-de","10":"first","11":"instock","12":"shipping-taxable","13":"purchasable","14":"product-type-simple","15":"entry","16":"content-bg","17":"loop-entry"},"_links":{"self":[{"href":"https:\/\/sourcenaturelle.eu\/de\/wp-json\/wp\/v2\/product\/3404","targetHints":{"allow":["GET"]}}],"collection":[{"href":"https:\/\/sourcenaturelle.eu\/de\/wp-json\/wp\/v2\/product"}],"about":[{"href":"https:\/\/sourcenaturelle.eu\/de\/wp-json\/wp\/v2\/types\/product"}],"wp:featuredmedia":[{"embeddable":true,"href":"https:\/\/sourcenaturelle.eu\/de\/wp-json\/wp\/v2\/media\/3401"}],"wp:attachment":[{"href":"https:\/\/sourcenaturelle.eu\/de\/wp-json\/wp\/v2\/media?parent=3404"}],"wp:term":[{"taxonomy":"product_brand","embeddable":true,"href":"https:\/\/sourcenaturelle.eu\/de\/wp-json\/wp\/v2\/product_brand?post=3404"},{"taxonomy":"product_cat","embeddable":true,"href":"https:\/\/sourcenaturelle.eu\/de\/wp-json\/wp\/v2\/product_cat?post=3404"},{"taxonomy":"product_tag","embeddable":true,"href":"https:\/\/sourcenaturelle.eu\/de\/wp-json\/wp\/v2\/product_tag?post=3404"}],"curies":[{"name":"wp","href":"https:\/\/api.w.org\/{rel}","templated":true}]}}