{"id":3396,"date":"2021-06-22T23:00:13","date_gmt":"2021-06-22T23:00:13","guid":{"rendered":"https:\/\/sourcenaturelle.eu\/product\/marias-bio-kokos-vanille-zuckerpeeling-450-g\/"},"modified":"2021-06-22T23:00:13","modified_gmt":"2021-06-22T23:00:13","slug":"marias-bio-kokos-vanille-zuckerpeeling-450-g","status":"publish","type":"product","link":"https:\/\/sourcenaturelle.eu\/de\/produkt\/marias-bio-kokos-vanille-zuckerpeeling-450-g\/","title":{"rendered":"MARIAS Bio Kokos-Vanille-Zuckerpeeling, 450 g"},"content":{"rendered":"<p>Bio Kokos-Vanille-Zuckerpeeling ist ein besonderes Pflegeerlebnis f\u00fcr Ihre Haut:<br \/>\nZucker entfernt sanft abgestorbene Hautzellen, Kokosmehl reinigt porentief, Kokos-&#038; Jojoba\u00f6l machen die Haut samtweich. Farbenergie\u00f6l wei\u00df in Kombination mit Vanille st\u00e4rkt das Gem\u00fct und hinterl\u00e4sst einen besonderen Duft.<\/p>\n<p><strong>Anwendung<\/strong><br \/>\nAls Duschpeeling oder Packung:<br \/>\nMit kreisenden Bewegungen in die feuchte Haut einmassieren. Entweder warm abduschen oder in ein Leintuch wickeln und 20 Minuten wirken lassen, dann abduschen. <\/p>\n<p>Als Badezucker:<br \/>\n1-2 EL in die Wanne geben und hei\u00dfes Wasser einlaufen lassen. Nach dem Bad die Haut vorsichtig abtrocknen, damit der pflegende \u00d6lfilm erhalten bleibt. <\/p>\n","protected":false},"excerpt":{"rendered":"<p>F\u00fcr alle Hauttypen.<\/p>\n","protected":false},"featured_media":3393,"template":"","meta":{"_kad_post_transparent":"","_kad_post_title":"","_kad_post_layout":"","_kad_post_sidebar_id":"","_kad_post_content_style":"","_kad_post_vertical_padding":"","_kad_post_feature":"","_kad_post_feature_position":"","_kad_post_header":false,"_kad_post_footer":false,"_kad_post_classname":""},"product_brand":[],"product_cat":[189,76,127],"product_tag":[],"class_list":{"0":"post-3396","1":"product","2":"type-product","3":"status-publish","4":"has-post-thumbnail","6":"product_cat-bad-dusche","7":"product_cat-koerper","8":"product_cat-marias-de","10":"first","11":"instock","12":"shipping-taxable","13":"purchasable","14":"product-type-simple","15":"entry","16":"content-bg","17":"loop-entry"},"_links":{"self":[{"href":"https:\/\/sourcenaturelle.eu\/de\/wp-json\/wp\/v2\/product\/3396","targetHints":{"allow":["GET"]}}],"collection":[{"href":"https:\/\/sourcenaturelle.eu\/de\/wp-json\/wp\/v2\/product"}],"about":[{"href":"https:\/\/sourcenaturelle.eu\/de\/wp-json\/wp\/v2\/types\/product"}],"wp:featuredmedia":[{"embeddable":true,"href":"https:\/\/sourcenaturelle.eu\/de\/wp-json\/wp\/v2\/media\/3393"}],"wp:attachment":[{"href":"https:\/\/sourcenaturelle.eu\/de\/wp-json\/wp\/v2\/media?parent=3396"}],"wp:term":[{"taxonomy":"product_brand","embeddable":true,"href":"https:\/\/sourcenaturelle.eu\/de\/wp-json\/wp\/v2\/product_brand?post=3396"},{"taxonomy":"product_cat","embeddable":true,"href":"https:\/\/sourcenaturelle.eu\/de\/wp-json\/wp\/v2\/product_cat?post=3396"},{"taxonomy":"product_tag","embeddable":true,"href":"https:\/\/sourcenaturelle.eu\/de\/wp-json\/wp\/v2\/product_tag?post=3396"}],"curies":[{"name":"wp","href":"https:\/\/api.w.org\/{rel}","templated":true}]}}