{"id":3380,"date":"2021-06-22T22:39:47","date_gmt":"2021-06-22T22:39:47","guid":{"rendered":"https:\/\/sourcenaturelle.eu\/product\/marias-bio-fuscreme-50-ml\/"},"modified":"2021-06-22T22:39:47","modified_gmt":"2021-06-22T22:39:47","slug":"marias-bio-fuscreme-50-ml","status":"publish","type":"product","link":"https:\/\/sourcenaturelle.eu\/de\/produkt\/marias-bio-fuscreme-50-ml\/","title":{"rendered":"MARIAS Bio Fu\u00dfcreme, 50 ml"},"content":{"rendered":"<p>Die optimale Pflege f\u00fcr Ihre F\u00fc\u00dfe: Oliven\u00f6l, Johanniskraut\u00f6l und Sheabutter dringen gut in die Haut ein und machen sie weich und geschmeidig. Roter Weinlaub- und Rosskastanienextrakt wirken gegen Schwere- und Spannungsgef\u00fchl und Durchblutungsst\u00f6rungen. Salbei- und Hamameliswasser helfen gegen \u00fcberm\u00e4\u00dfige Schwei\u00dfbildung, Propolis wirkt antibakteriell und somit gegen Geruchsbildung.<\/p>\n","protected":false},"excerpt":{"rendered":"<p>F\u00fcr alle Hauttypen.<\/p>\n","protected":false},"featured_media":3377,"template":"","meta":{"_kad_post_transparent":"","_kad_post_title":"","_kad_post_layout":"","_kad_post_sidebar_id":"","_kad_post_content_style":"","_kad_post_vertical_padding":"","_kad_post_feature":"","_kad_post_feature_position":"","_kad_post_header":false,"_kad_post_footer":false,"_kad_post_classname":""},"product_brand":[],"product_cat":[195,76,127],"product_tag":[],"class_list":{"0":"post-3380","1":"product","2":"type-product","3":"status-publish","4":"has-post-thumbnail","6":"product_cat-hautpflege","7":"product_cat-koerper","8":"product_cat-marias-de","10":"first","11":"instock","12":"shipping-taxable","13":"purchasable","14":"product-type-simple","15":"entry","16":"content-bg","17":"loop-entry"},"_links":{"self":[{"href":"https:\/\/sourcenaturelle.eu\/de\/wp-json\/wp\/v2\/product\/3380","targetHints":{"allow":["GET"]}}],"collection":[{"href":"https:\/\/sourcenaturelle.eu\/de\/wp-json\/wp\/v2\/product"}],"about":[{"href":"https:\/\/sourcenaturelle.eu\/de\/wp-json\/wp\/v2\/types\/product"}],"wp:featuredmedia":[{"embeddable":true,"href":"https:\/\/sourcenaturelle.eu\/de\/wp-json\/wp\/v2\/media\/3377"}],"wp:attachment":[{"href":"https:\/\/sourcenaturelle.eu\/de\/wp-json\/wp\/v2\/media?parent=3380"}],"wp:term":[{"taxonomy":"product_brand","embeddable":true,"href":"https:\/\/sourcenaturelle.eu\/de\/wp-json\/wp\/v2\/product_brand?post=3380"},{"taxonomy":"product_cat","embeddable":true,"href":"https:\/\/sourcenaturelle.eu\/de\/wp-json\/wp\/v2\/product_cat?post=3380"},{"taxonomy":"product_tag","embeddable":true,"href":"https:\/\/sourcenaturelle.eu\/de\/wp-json\/wp\/v2\/product_tag?post=3380"}],"curies":[{"name":"wp","href":"https:\/\/api.w.org\/{rel}","templated":true}]}}