{"id":3372,"date":"2021-06-22T22:23:33","date_gmt":"2021-06-22T22:23:33","guid":{"rendered":"https:\/\/sourcenaturelle.eu\/product\/marias-bio-hautserum-clear-skin-15-ml\/"},"modified":"2021-06-22T22:23:33","modified_gmt":"2021-06-22T22:23:33","slug":"marias-bio-hautserum-clear-skin-15-ml","status":"publish","type":"product","link":"https:\/\/sourcenaturelle.eu\/de\/produkt\/marias-bio-hautserum-clear-skin-15-ml\/","title":{"rendered":"MARIAS Bio Hautserum Clear Skin, 15 ml"},"content":{"rendered":"<p>Speziell f\u00fcr unreine Hautstellen: .Ein leichtes Gel, frisch duftend, mit kl\u00e4renden Hydrolaten aus Pfefferminze und Rosmarin, antibakteriell wirkendem Propolis und Teebaum\u00f6l. Enth\u00e4lt beruhigendes und heilendes Azulen, ein Wirkstoff aus der Kamille.<\/p>\n<p><strong>Anwendung<\/strong><br \/>\nNach der Reinigung (etwa mit der Bio Mandel-Seesand Waschcreme), und eventuell einer kl\u00e4renden Maske oder Packung das Bio Hautserum auf entz\u00fcndete Hautstellen auftragen; Augenpartie aussparen<\/p>\n","protected":false},"excerpt":{"rendered":"<p>F\u00fcr alle Hauttypen.<\/p>\n","protected":false},"featured_media":3369,"template":"","meta":{"_kad_post_transparent":"","_kad_post_title":"","_kad_post_layout":"","_kad_post_sidebar_id":"","_kad_post_content_style":"","_kad_post_vertical_padding":"","_kad_post_feature":"","_kad_post_feature_position":"","_kad_post_header":false,"_kad_post_footer":false,"_kad_post_classname":""},"product_brand":[],"product_cat":[94,198,127],"product_tag":[],"class_list":{"0":"post-3372","1":"product","2":"type-product","3":"status-publish","4":"has-post-thumbnail","6":"product_cat-gesicht","7":"product_cat-gesichtsreinigung","8":"product_cat-marias-de","10":"first","11":"instock","12":"shipping-taxable","13":"purchasable","14":"product-type-simple","15":"entry","16":"content-bg","17":"loop-entry"},"_links":{"self":[{"href":"https:\/\/sourcenaturelle.eu\/de\/wp-json\/wp\/v2\/product\/3372","targetHints":{"allow":["GET"]}}],"collection":[{"href":"https:\/\/sourcenaturelle.eu\/de\/wp-json\/wp\/v2\/product"}],"about":[{"href":"https:\/\/sourcenaturelle.eu\/de\/wp-json\/wp\/v2\/types\/product"}],"wp:featuredmedia":[{"embeddable":true,"href":"https:\/\/sourcenaturelle.eu\/de\/wp-json\/wp\/v2\/media\/3369"}],"wp:attachment":[{"href":"https:\/\/sourcenaturelle.eu\/de\/wp-json\/wp\/v2\/media?parent=3372"}],"wp:term":[{"taxonomy":"product_brand","embeddable":true,"href":"https:\/\/sourcenaturelle.eu\/de\/wp-json\/wp\/v2\/product_brand?post=3372"},{"taxonomy":"product_cat","embeddable":true,"href":"https:\/\/sourcenaturelle.eu\/de\/wp-json\/wp\/v2\/product_cat?post=3372"},{"taxonomy":"product_tag","embeddable":true,"href":"https:\/\/sourcenaturelle.eu\/de\/wp-json\/wp\/v2\/product_tag?post=3372"}],"curies":[{"name":"wp","href":"https:\/\/api.w.org\/{rel}","templated":true}]}}