{"id":3356,"date":"2021-06-22T21:59:32","date_gmt":"2021-06-22T21:59:32","guid":{"rendered":"https:\/\/sourcenaturelle.eu\/product\/marias-bio-mandel-seesand-waschcreme-80-ml\/"},"modified":"2021-06-22T21:59:32","modified_gmt":"2021-06-22T21:59:32","slug":"marias-bio-mandel-seesand-waschcreme-80-ml","status":"publish","type":"product","link":"https:\/\/sourcenaturelle.eu\/de\/produkt\/marias-bio-mandel-seesand-waschcreme-80-ml\/","title":{"rendered":"MARIAS Bio Mandel-Seesand Waschcreme, 80 ml"},"content":{"rendered":"<p>Hochwertige Waschcreme mit tiefgehender, aber sanfter Reinigungswirkung und leichtem Peelingeffekt. Mit ausgew\u00e4hlten Hydrolaten von Hamamelis, Salbei und Pfefferminz, pflegendem Oliven\u00f6l und Mandelmehl. Eine geringe Menge feinst vermahlenen Seesand und Mandelkleie sorgen f\u00fcr porentiefe Reinigung. Ein feiner, krautig-frischer Minzduft belebt Haut und Sinne. Reguliert die Hautfunktionen, kl\u00e4rt die Haut und verfeinert die Poren.<\/p>\n<p>Eine erbsengro\u00dfe Menge Seesand Mandelmehl Waschcreme auf das befeuchtete Gesicht, Hals und Dekolletee auftragen. F\u00fcr ein sanftes Peeling mit kreisenden Bewegungen einmassieren. Mit klarem Wasser oder einer feuchten Kompresse abnehmen.<\/p>\n","protected":false},"excerpt":{"rendered":"<p>F\u00fcr alle Hauttypen.<\/p>\n","protected":false},"featured_media":3353,"template":"","meta":{"_kad_post_transparent":"","_kad_post_title":"","_kad_post_layout":"","_kad_post_sidebar_id":"","_kad_post_content_style":"","_kad_post_vertical_padding":"","_kad_post_feature":"","_kad_post_feature_position":"","_kad_post_header":false,"_kad_post_footer":false,"_kad_post_classname":""},"product_brand":[],"product_cat":[94,198,127],"product_tag":[],"class_list":{"0":"post-3356","1":"product","2":"type-product","3":"status-publish","4":"has-post-thumbnail","6":"product_cat-gesicht","7":"product_cat-gesichtsreinigung","8":"product_cat-marias-de","10":"first","11":"instock","12":"shipping-taxable","13":"purchasable","14":"product-type-simple","15":"entry","16":"content-bg","17":"loop-entry"},"_links":{"self":[{"href":"https:\/\/sourcenaturelle.eu\/de\/wp-json\/wp\/v2\/product\/3356","targetHints":{"allow":["GET"]}}],"collection":[{"href":"https:\/\/sourcenaturelle.eu\/de\/wp-json\/wp\/v2\/product"}],"about":[{"href":"https:\/\/sourcenaturelle.eu\/de\/wp-json\/wp\/v2\/types\/product"}],"wp:featuredmedia":[{"embeddable":true,"href":"https:\/\/sourcenaturelle.eu\/de\/wp-json\/wp\/v2\/media\/3353"}],"wp:attachment":[{"href":"https:\/\/sourcenaturelle.eu\/de\/wp-json\/wp\/v2\/media?parent=3356"}],"wp:term":[{"taxonomy":"product_brand","embeddable":true,"href":"https:\/\/sourcenaturelle.eu\/de\/wp-json\/wp\/v2\/product_brand?post=3356"},{"taxonomy":"product_cat","embeddable":true,"href":"https:\/\/sourcenaturelle.eu\/de\/wp-json\/wp\/v2\/product_cat?post=3356"},{"taxonomy":"product_tag","embeddable":true,"href":"https:\/\/sourcenaturelle.eu\/de\/wp-json\/wp\/v2\/product_tag?post=3356"}],"curies":[{"name":"wp","href":"https:\/\/api.w.org\/{rel}","templated":true}]}}