{"id":3347,"date":"2021-06-22T19:35:37","date_gmt":"2021-06-22T19:35:37","guid":{"rendered":"https:\/\/sourcenaturelle.eu\/product\/marias-bio-pur-shampoo-aloe-jojoba-250-ml\/"},"modified":"2021-06-22T19:35:37","modified_gmt":"2021-06-22T19:35:37","slug":"marias-bio-pur-shampoo-aloe-jojoba-250-ml","status":"publish","type":"product","link":"https:\/\/sourcenaturelle.eu\/de\/produkt\/marias-bio-pur-shampoo-aloe-jojoba-250-ml\/","title":{"rendered":"MARIAS Bio PUR Shampoo Aloe-Jojoba, 250 ml"},"content":{"rendered":"<p>Das BIO PUR Shampoo &#038; Duschgel ist absolut mild und speziell f\u00fcr jeden von uns, der K\u00f6rper, Haar und Kopfhaut besonders sanft und ohne chemische Zus\u00e4tze waschen m\u00f6chte.<br \/>\nSpeziell f\u00fcr Allergiker und Schuppenflechte geeignet.<\/p>\n","protected":false},"excerpt":{"rendered":"<p>F\u00fcr alle Haartypen.<\/p>\n","protected":false},"featured_media":3344,"template":"","meta":{"_kad_post_transparent":"","_kad_post_title":"","_kad_post_layout":"","_kad_post_sidebar_id":"","_kad_post_content_style":"","_kad_post_vertical_padding":"","_kad_post_feature":"","_kad_post_feature_position":"","_kad_post_header":false,"_kad_post_footer":false,"_kad_post_classname":""},"product_brand":[],"product_cat":[189,106,76,127,210],"product_tag":[],"class_list":{"0":"post-3347","1":"product","2":"type-product","3":"status-publish","4":"has-post-thumbnail","6":"product_cat-bad-dusche","7":"product_cat-haare","8":"product_cat-koerper","9":"product_cat-marias-de","10":"product_cat-shampoo-spulung","12":"first","13":"instock","14":"shipping-taxable","15":"purchasable","16":"product-type-simple","17":"entry","18":"content-bg","19":"loop-entry"},"_links":{"self":[{"href":"https:\/\/sourcenaturelle.eu\/de\/wp-json\/wp\/v2\/product\/3347","targetHints":{"allow":["GET"]}}],"collection":[{"href":"https:\/\/sourcenaturelle.eu\/de\/wp-json\/wp\/v2\/product"}],"about":[{"href":"https:\/\/sourcenaturelle.eu\/de\/wp-json\/wp\/v2\/types\/product"}],"wp:featuredmedia":[{"embeddable":true,"href":"https:\/\/sourcenaturelle.eu\/de\/wp-json\/wp\/v2\/media\/3344"}],"wp:attachment":[{"href":"https:\/\/sourcenaturelle.eu\/de\/wp-json\/wp\/v2\/media?parent=3347"}],"wp:term":[{"taxonomy":"product_brand","embeddable":true,"href":"https:\/\/sourcenaturelle.eu\/de\/wp-json\/wp\/v2\/product_brand?post=3347"},{"taxonomy":"product_cat","embeddable":true,"href":"https:\/\/sourcenaturelle.eu\/de\/wp-json\/wp\/v2\/product_cat?post=3347"},{"taxonomy":"product_tag","embeddable":true,"href":"https:\/\/sourcenaturelle.eu\/de\/wp-json\/wp\/v2\/product_tag?post=3347"}],"curies":[{"name":"wp","href":"https:\/\/api.w.org\/{rel}","templated":true}]}}