{"id":3339,"date":"2021-06-22T19:18:05","date_gmt":"2021-06-22T19:18:05","guid":{"rendered":"https:\/\/sourcenaturelle.eu\/product\/marias-bio-pur-aloe-vera-feuchtigkeitsgel-80-ml\/"},"modified":"2021-06-22T19:18:05","modified_gmt":"2021-06-22T19:18:05","slug":"marias-bio-pur-aloe-vera-feuchtigkeitsgel-80-ml","status":"publish","type":"product","link":"https:\/\/sourcenaturelle.eu\/de\/produkt\/marias-bio-pur-aloe-vera-feuchtigkeitsgel-80-ml\/","title":{"rendered":"MARIAS Bio PUR Aloe Vera Feuchtigkeitsgel, 80 ml"},"content":{"rendered":"<p>Biologischer Aloe Vera Frischpflanzensaft in Kombination mit 2-fach Hyaluron transportiert Feuchtigkeit in die tiefen Hautschichten.<br \/>\nZur Anwendung in der t\u00e4glichen Pflege als Grundlage unterhalb der Creme, nach dem Sonnenbad, oder f\u00fcr M\u00e4nner nach der Rasur.<\/p>\n<p>Hochwertige After-Sun-Care:<br \/>\nF\u00fcr eine optimale Regeration der gereizten Hautzellen vermischen Sie Bio PUR Aloe Vera Feuchtigkeitsgel und Bio Sanddorn Sonnenpflege\u00f6l 1:1 zwischen den H\u00e4nden und tragen Sie die Mischung auf die ger\u00f6tete Haut auf. Meiden Sie direkte Sonneneinstrahlung, bis die R\u00f6tung abgeklungen ist.<br \/>\nTipp: Wenn Sie das Gel im K\u00fchlschrank aufbewahren, wirkt es wunderbar k\u00fchlend auf die Haut!<\/p>\n","protected":false},"excerpt":{"rendered":"<p>F\u00fcr alle Hauttypen.<\/p>\n","protected":false},"featured_media":3336,"template":"","meta":{"_kad_post_transparent":"","_kad_post_title":"","_kad_post_layout":"","_kad_post_sidebar_id":"","_kad_post_content_style":"","_kad_post_vertical_padding":"","_kad_post_feature":"","_kad_post_feature_position":"","_kad_post_header":false,"_kad_post_footer":false,"_kad_post_classname":""},"product_brand":[],"product_cat":[195,76,127],"product_tag":[],"class_list":{"0":"post-3339","1":"product","2":"type-product","3":"status-publish","4":"has-post-thumbnail","6":"product_cat-hautpflege","7":"product_cat-koerper","8":"product_cat-marias-de","10":"first","11":"instock","12":"shipping-taxable","13":"purchasable","14":"product-type-simple","15":"entry","16":"content-bg","17":"loop-entry"},"_links":{"self":[{"href":"https:\/\/sourcenaturelle.eu\/de\/wp-json\/wp\/v2\/product\/3339","targetHints":{"allow":["GET"]}}],"collection":[{"href":"https:\/\/sourcenaturelle.eu\/de\/wp-json\/wp\/v2\/product"}],"about":[{"href":"https:\/\/sourcenaturelle.eu\/de\/wp-json\/wp\/v2\/types\/product"}],"wp:featuredmedia":[{"embeddable":true,"href":"https:\/\/sourcenaturelle.eu\/de\/wp-json\/wp\/v2\/media\/3336"}],"wp:attachment":[{"href":"https:\/\/sourcenaturelle.eu\/de\/wp-json\/wp\/v2\/media?parent=3339"}],"wp:term":[{"taxonomy":"product_brand","embeddable":true,"href":"https:\/\/sourcenaturelle.eu\/de\/wp-json\/wp\/v2\/product_brand?post=3339"},{"taxonomy":"product_cat","embeddable":true,"href":"https:\/\/sourcenaturelle.eu\/de\/wp-json\/wp\/v2\/product_cat?post=3339"},{"taxonomy":"product_tag","embeddable":true,"href":"https:\/\/sourcenaturelle.eu\/de\/wp-json\/wp\/v2\/product_tag?post=3339"}],"curies":[{"name":"wp","href":"https:\/\/api.w.org\/{rel}","templated":true}]}}