{"id":3331,"date":"2021-06-22T19:06:30","date_gmt":"2021-06-22T19:06:30","guid":{"rendered":"https:\/\/sourcenaturelle.eu\/product\/marias-bio-pur-korperlotion-aloe-jojoba-200-ml\/"},"modified":"2021-06-22T19:06:30","modified_gmt":"2021-06-22T19:06:30","slug":"marias-bio-pur-korperlotion-aloe-jojoba-200-ml","status":"publish","type":"product","link":"https:\/\/sourcenaturelle.eu\/de\/produkt\/marias-bio-pur-korperlotion-aloe-jojoba-200-ml\/","title":{"rendered":"MARIAS Bio PUR K\u00f6rperlotion Aloe-Jojoba, 200 ml"},"content":{"rendered":"<p>Versorgt die Haut mit Wirkstoffen, ausreichend Pflege und viel Feuchtigkeit, zieht rasch ein und hinterl\u00e4sst ein angenehm samtiges, weiches Hautgef\u00fchl.   F\u00fcr eine Extraportion Feuchtigkeit oder zur Regeneration nach einem Sonnenbad Bio PUR Aloe Feuchtigkeitsgel in die etwas feuchte Haut einmassieren, und dann die K\u00f6rperlotion auftragen.<\/p>\n<p>TIPP: Ein Produkt f\u00fcr die ganze Familie \u2013 auch f\u00fcr Kinder- und M\u00e4nnerhaut bestens geeignet.<\/p>\n","protected":false},"excerpt":{"rendered":"<p>F\u00fcr alle Hauttypen.<\/p>\n","protected":false},"featured_media":3328,"template":"","meta":{"_kad_post_transparent":"","_kad_post_title":"","_kad_post_layout":"","_kad_post_sidebar_id":"","_kad_post_content_style":"","_kad_post_vertical_padding":"","_kad_post_feature":"","_kad_post_feature_position":"","_kad_post_header":false,"_kad_post_footer":false,"_kad_post_classname":""},"product_brand":[],"product_cat":[195,76,127],"product_tag":[],"class_list":{"0":"post-3331","1":"product","2":"type-product","3":"status-publish","4":"has-post-thumbnail","6":"product_cat-hautpflege","7":"product_cat-koerper","8":"product_cat-marias-de","10":"first","11":"instock","12":"shipping-taxable","13":"purchasable","14":"product-type-simple","15":"entry","16":"content-bg","17":"loop-entry"},"_links":{"self":[{"href":"https:\/\/sourcenaturelle.eu\/de\/wp-json\/wp\/v2\/product\/3331","targetHints":{"allow":["GET"]}}],"collection":[{"href":"https:\/\/sourcenaturelle.eu\/de\/wp-json\/wp\/v2\/product"}],"about":[{"href":"https:\/\/sourcenaturelle.eu\/de\/wp-json\/wp\/v2\/types\/product"}],"wp:featuredmedia":[{"embeddable":true,"href":"https:\/\/sourcenaturelle.eu\/de\/wp-json\/wp\/v2\/media\/3328"}],"wp:attachment":[{"href":"https:\/\/sourcenaturelle.eu\/de\/wp-json\/wp\/v2\/media?parent=3331"}],"wp:term":[{"taxonomy":"product_brand","embeddable":true,"href":"https:\/\/sourcenaturelle.eu\/de\/wp-json\/wp\/v2\/product_brand?post=3331"},{"taxonomy":"product_cat","embeddable":true,"href":"https:\/\/sourcenaturelle.eu\/de\/wp-json\/wp\/v2\/product_cat?post=3331"},{"taxonomy":"product_tag","embeddable":true,"href":"https:\/\/sourcenaturelle.eu\/de\/wp-json\/wp\/v2\/product_tag?post=3331"}],"curies":[{"name":"wp","href":"https:\/\/api.w.org\/{rel}","templated":true}]}}