{"id":3323,"date":"2021-06-22T18:51:50","date_gmt":"2021-06-22T18:51:50","guid":{"rendered":"https:\/\/sourcenaturelle.eu\/product\/marias-bio-pur-reinigungslotion-aloe-olive-150-ml\/"},"modified":"2021-06-22T18:51:50","modified_gmt":"2021-06-22T18:51:50","slug":"marias-bio-pur-reinigungslotion-aloe-olive-150-ml","status":"publish","type":"product","link":"https:\/\/sourcenaturelle.eu\/de\/produkt\/marias-bio-pur-reinigungslotion-aloe-olive-150-ml\/","title":{"rendered":"MARIAS Bio PUR Reinigungslotion Aloe-Olive, 150 ml"},"content":{"rendered":"<p>Sanfte Reinigung ist eine wichtige Voraussetzung f\u00fcr eine gesunde Haut. Unsere neutrale Reinigungsemulsion ist ohne Tenside und ohne \u00e4therische \u00d6le. Mit Aloe und Olive reinigt sie sanft und doch gr\u00fcndlich ohne die Haut auszutrocknen.  Morgens und abends eine kleine Menge in die Haut leicht einmassieren. Mit lauwarmem Wasser oder einem Reinigungstuch abnehmen.                                                                                                                                                                               <\/p>\n<p>TIPP: F\u00fcr eine sanfte Tiefenreinigung bei \u00f6liger und Mischhaut oder zum Abnehmen von Make up f\u00fcgen Sie einen Tropfen Bio PUR Shampoo Aloe-Jojoba hinzu und vermischen beides in der Handinnenfl\u00e4che.<\/p>\n","protected":false},"excerpt":{"rendered":"<p>F\u00fcr alle Hauttypen.<\/p>\n","protected":false},"featured_media":3320,"template":"","meta":{"_kad_post_transparent":"","_kad_post_title":"","_kad_post_layout":"","_kad_post_sidebar_id":"","_kad_post_content_style":"","_kad_post_vertical_padding":"","_kad_post_feature":"","_kad_post_feature_position":"","_kad_post_header":false,"_kad_post_footer":false,"_kad_post_classname":""},"product_brand":[],"product_cat":[94,198,127],"product_tag":[],"class_list":{"0":"post-3323","1":"product","2":"type-product","3":"status-publish","4":"has-post-thumbnail","6":"product_cat-gesicht","7":"product_cat-gesichtsreinigung","8":"product_cat-marias-de","10":"first","11":"instock","12":"shipping-taxable","13":"purchasable","14":"product-type-simple","15":"entry","16":"content-bg","17":"loop-entry"},"_links":{"self":[{"href":"https:\/\/sourcenaturelle.eu\/de\/wp-json\/wp\/v2\/product\/3323","targetHints":{"allow":["GET"]}}],"collection":[{"href":"https:\/\/sourcenaturelle.eu\/de\/wp-json\/wp\/v2\/product"}],"about":[{"href":"https:\/\/sourcenaturelle.eu\/de\/wp-json\/wp\/v2\/types\/product"}],"wp:featuredmedia":[{"embeddable":true,"href":"https:\/\/sourcenaturelle.eu\/de\/wp-json\/wp\/v2\/media\/3320"}],"wp:attachment":[{"href":"https:\/\/sourcenaturelle.eu\/de\/wp-json\/wp\/v2\/media?parent=3323"}],"wp:term":[{"taxonomy":"product_brand","embeddable":true,"href":"https:\/\/sourcenaturelle.eu\/de\/wp-json\/wp\/v2\/product_brand?post=3323"},{"taxonomy":"product_cat","embeddable":true,"href":"https:\/\/sourcenaturelle.eu\/de\/wp-json\/wp\/v2\/product_cat?post=3323"},{"taxonomy":"product_tag","embeddable":true,"href":"https:\/\/sourcenaturelle.eu\/de\/wp-json\/wp\/v2\/product_tag?post=3323"}],"curies":[{"name":"wp","href":"https:\/\/api.w.org\/{rel}","templated":true}]}}