{"id":3315,"date":"2021-06-22T18:28:04","date_gmt":"2021-06-22T18:28:04","guid":{"rendered":"https:\/\/sourcenaturelle.eu\/product\/marias-bio-wildrose-duschcreme-200-ml\/"},"modified":"2021-06-22T18:28:04","modified_gmt":"2021-06-22T18:28:04","slug":"marias-bio-wildrose-duschcreme-200-ml","status":"publish","type":"product","link":"https:\/\/sourcenaturelle.eu\/de\/produkt\/marias-bio-wildrose-duschcreme-200-ml\/","title":{"rendered":"MARIAS Bio Wildrose Duschcreme, 200 ml"},"content":{"rendered":"<p>Eine Kombination aus einem Duschgel und einer K\u00f6rperlotion: Reinigung und Pflege in einem! Nach dem Duschen ist keine weitere Pflege n\u00f6tig. Die Haut ist sanft gereinigt und mit wertvollen \u00d6len gepflegt.<br \/>\nEin zarter Rosenduft und ein angenehmes Hautgef\u00fchl begleitet Sie durch den Tag.<\/p>\n<p>Tipp: Kann auch zur Gesichtsreinigung (z. B. zum Entfernen von Make up) verwendet werden.<\/p>\n","protected":false},"excerpt":{"rendered":"<p>F\u00fcr alle Hauttypen.<\/p>\n","protected":false},"featured_media":3312,"template":"","meta":{"_kad_post_transparent":"","_kad_post_title":"","_kad_post_layout":"","_kad_post_sidebar_id":"","_kad_post_content_style":"","_kad_post_vertical_padding":"","_kad_post_feature":"","_kad_post_feature_position":"","_kad_post_header":false,"_kad_post_footer":false,"_kad_post_classname":""},"product_brand":[],"product_cat":[189,76,127],"product_tag":[],"class_list":{"0":"post-3315","1":"product","2":"type-product","3":"status-publish","4":"has-post-thumbnail","6":"product_cat-bad-dusche","7":"product_cat-koerper","8":"product_cat-marias-de","10":"first","11":"instock","12":"shipping-taxable","13":"purchasable","14":"product-type-simple","15":"entry","16":"content-bg","17":"loop-entry"},"_links":{"self":[{"href":"https:\/\/sourcenaturelle.eu\/de\/wp-json\/wp\/v2\/product\/3315","targetHints":{"allow":["GET"]}}],"collection":[{"href":"https:\/\/sourcenaturelle.eu\/de\/wp-json\/wp\/v2\/product"}],"about":[{"href":"https:\/\/sourcenaturelle.eu\/de\/wp-json\/wp\/v2\/types\/product"}],"wp:featuredmedia":[{"embeddable":true,"href":"https:\/\/sourcenaturelle.eu\/de\/wp-json\/wp\/v2\/media\/3312"}],"wp:attachment":[{"href":"https:\/\/sourcenaturelle.eu\/de\/wp-json\/wp\/v2\/media?parent=3315"}],"wp:term":[{"taxonomy":"product_brand","embeddable":true,"href":"https:\/\/sourcenaturelle.eu\/de\/wp-json\/wp\/v2\/product_brand?post=3315"},{"taxonomy":"product_cat","embeddable":true,"href":"https:\/\/sourcenaturelle.eu\/de\/wp-json\/wp\/v2\/product_cat?post=3315"},{"taxonomy":"product_tag","embeddable":true,"href":"https:\/\/sourcenaturelle.eu\/de\/wp-json\/wp\/v2\/product_tag?post=3315"}],"curies":[{"name":"wp","href":"https:\/\/api.w.org\/{rel}","templated":true}]}}