{"id":3307,"date":"2021-06-22T18:13:36","date_gmt":"2021-06-22T18:13:36","guid":{"rendered":"https:\/\/sourcenaturelle.eu\/product\/marias-bio-korperbutter-rose-stuck-100-g\/"},"modified":"2021-06-22T18:13:36","modified_gmt":"2021-06-22T18:13:36","slug":"marias-bio-korperbutter-rose-stuck-100-g","status":"publish","type":"product","link":"https:\/\/sourcenaturelle.eu\/de\/produkt\/marias-bio-korperbutter-rose-stuck-100-g\/","title":{"rendered":"MARIAS Bio K\u00f6rperbutter Rose, St\u00fcck, 100 g"},"content":{"rendered":"<p>Zartschmelzende K\u00f6rperbutter auf der Basis von Sheabutter aus einem Frauenprojekt in Burkina Faso: Verbindet sich perfekt mit dem Hydro-Lipid-Mantel der Haut, gibt ihr Elastizit\u00e4t und macht sie weich und geschmeidig. F\u00fcr den ganzen K\u00f6rper, f\u00fcr jede Haut. Mit einem bezaubernden Duft von echtem Rosen\u00f6l und Sandelholz.<\/p>\n<p><strong>Anwendung<\/strong><br \/>\nButterst\u00fcck oder Stick \u00fcber die gereinigte Haut gleiten lassen, die auf der warmen Haut schmelzende Butter einmassieren. Oder: Ein St\u00fcck Butter abschneiden, in den H\u00e4nden schmelzen lassen, einmassieren.<\/p>\n","protected":false},"excerpt":{"rendered":"<p>F\u00fcr alle Hauttypen.<\/p>\n","protected":false},"featured_media":3304,"template":"","meta":{"_kad_post_transparent":"","_kad_post_title":"","_kad_post_layout":"","_kad_post_sidebar_id":"","_kad_post_content_style":"","_kad_post_vertical_padding":"","_kad_post_feature":"","_kad_post_feature_position":"","_kad_post_header":false,"_kad_post_footer":false,"_kad_post_classname":""},"product_brand":[],"product_cat":[195,76,127],"product_tag":[],"class_list":{"0":"post-3307","1":"product","2":"type-product","3":"status-publish","4":"has-post-thumbnail","6":"product_cat-hautpflege","7":"product_cat-koerper","8":"product_cat-marias-de","10":"first","11":"instock","12":"shipping-taxable","13":"purchasable","14":"product-type-simple","15":"entry","16":"content-bg","17":"loop-entry"},"_links":{"self":[{"href":"https:\/\/sourcenaturelle.eu\/de\/wp-json\/wp\/v2\/product\/3307","targetHints":{"allow":["GET"]}}],"collection":[{"href":"https:\/\/sourcenaturelle.eu\/de\/wp-json\/wp\/v2\/product"}],"about":[{"href":"https:\/\/sourcenaturelle.eu\/de\/wp-json\/wp\/v2\/types\/product"}],"wp:featuredmedia":[{"embeddable":true,"href":"https:\/\/sourcenaturelle.eu\/de\/wp-json\/wp\/v2\/media\/3304"}],"wp:attachment":[{"href":"https:\/\/sourcenaturelle.eu\/de\/wp-json\/wp\/v2\/media?parent=3307"}],"wp:term":[{"taxonomy":"product_brand","embeddable":true,"href":"https:\/\/sourcenaturelle.eu\/de\/wp-json\/wp\/v2\/product_brand?post=3307"},{"taxonomy":"product_cat","embeddable":true,"href":"https:\/\/sourcenaturelle.eu\/de\/wp-json\/wp\/v2\/product_cat?post=3307"},{"taxonomy":"product_tag","embeddable":true,"href":"https:\/\/sourcenaturelle.eu\/de\/wp-json\/wp\/v2\/product_tag?post=3307"}],"curies":[{"name":"wp","href":"https:\/\/api.w.org\/{rel}","templated":true}]}}