{"id":3299,"date":"2021-06-22T17:55:47","date_gmt":"2021-06-22T17:55:47","guid":{"rendered":"https:\/\/sourcenaturelle.eu\/product\/marias-bio-wildrose-korperlotion-200-ml\/"},"modified":"2021-06-22T17:55:47","modified_gmt":"2021-06-22T17:55:47","slug":"marias-bio-wildrose-korperlotion-200-ml","status":"publish","type":"product","link":"https:\/\/sourcenaturelle.eu\/de\/produkt\/marias-bio-wildrose-korperlotion-200-ml\/","title":{"rendered":"MARIAS Bio Wildrose K\u00f6rperlotion, 200 ml"},"content":{"rendered":"<p>Sanfte, rasch einziehende K\u00f6rperpflege mit dem verf\u00fchrerischen Duft der Damaszener Rose: Rosenbl\u00fctenhydrolat, Aloe Vera und Ausz\u00fcge aus der Wildrose spenden Ihrer Haut Feuchtigkeit, eine Kombination hochwertiger Pflanzen\u00f6le wie Jojoba\u00f6l, Mandel\u00f6l, Avocado\u00f6l und Wildrosensamen\u00f6l pflegt und n\u00e4hrt sie optimal.<\/p>\n","protected":false},"excerpt":{"rendered":"<p>F\u00fcr alle Hautttypen.<\/p>\n","protected":false},"featured_media":3296,"template":"","meta":{"_kad_post_transparent":"","_kad_post_title":"","_kad_post_layout":"","_kad_post_sidebar_id":"","_kad_post_content_style":"","_kad_post_vertical_padding":"","_kad_post_feature":"","_kad_post_feature_position":"","_kad_post_header":false,"_kad_post_footer":false,"_kad_post_classname":""},"product_brand":[],"product_cat":[195,76,127],"product_tag":[],"class_list":{"0":"post-3299","1":"product","2":"type-product","3":"status-publish","4":"has-post-thumbnail","6":"product_cat-hautpflege","7":"product_cat-koerper","8":"product_cat-marias-de","10":"first","11":"instock","12":"shipping-taxable","13":"purchasable","14":"product-type-simple","15":"entry","16":"content-bg","17":"loop-entry"},"_links":{"self":[{"href":"https:\/\/sourcenaturelle.eu\/de\/wp-json\/wp\/v2\/product\/3299","targetHints":{"allow":["GET"]}}],"collection":[{"href":"https:\/\/sourcenaturelle.eu\/de\/wp-json\/wp\/v2\/product"}],"about":[{"href":"https:\/\/sourcenaturelle.eu\/de\/wp-json\/wp\/v2\/types\/product"}],"wp:featuredmedia":[{"embeddable":true,"href":"https:\/\/sourcenaturelle.eu\/de\/wp-json\/wp\/v2\/media\/3296"}],"wp:attachment":[{"href":"https:\/\/sourcenaturelle.eu\/de\/wp-json\/wp\/v2\/media?parent=3299"}],"wp:term":[{"taxonomy":"product_brand","embeddable":true,"href":"https:\/\/sourcenaturelle.eu\/de\/wp-json\/wp\/v2\/product_brand?post=3299"},{"taxonomy":"product_cat","embeddable":true,"href":"https:\/\/sourcenaturelle.eu\/de\/wp-json\/wp\/v2\/product_cat?post=3299"},{"taxonomy":"product_tag","embeddable":true,"href":"https:\/\/sourcenaturelle.eu\/de\/wp-json\/wp\/v2\/product_tag?post=3299"}],"curies":[{"name":"wp","href":"https:\/\/api.w.org\/{rel}","templated":true}]}}