{"id":3291,"date":"2021-06-22T17:41:09","date_gmt":"2021-06-22T17:41:09","guid":{"rendered":"https:\/\/sourcenaturelle.eu\/product\/marias-bio-wildrose-tonic-125-ml-de\/"},"modified":"2021-06-22T17:41:09","modified_gmt":"2021-06-22T17:41:09","slug":"marias-bio-wildrose-tonic-125-ml-de","status":"publish","type":"product","link":"https:\/\/sourcenaturelle.eu\/de\/produkt\/marias-bio-wildrose-tonic-125-ml-de\/","title":{"rendered":"MARIAS Bio Wildrose Tonic, 125 ml"},"content":{"rendered":"<p>Pure Feuchtigkeit und zarter Rosenduft: Eine besondere Qualit\u00e4t von Rosenbl\u00fctenhydrolat mit einem hohen Anteil an wertvollen Inhaltsstoffen erfrischt und durchfeuchtet die Haut, wirkt adstringierend und antibaktieriell. Als Feuchtigkeitsspender unterhalb der Gesichtscreme, als K\u00f6rperspray, f\u00fcr M\u00e4nner nach der Rasur, f\u00fcr den Haarboden und wo immer Rosenaroma gew\u00fcnscht ist.<\/p>\n","protected":false},"excerpt":{"rendered":"<p>F\u00fcr alle Hauttypen.<\/p>\n","protected":false},"featured_media":3288,"template":"","meta":{"_kad_post_transparent":"","_kad_post_title":"","_kad_post_layout":"","_kad_post_sidebar_id":"","_kad_post_content_style":"","_kad_post_vertical_padding":"","_kad_post_feature":"","_kad_post_feature_position":"","_kad_post_header":false,"_kad_post_footer":false,"_kad_post_classname":""},"product_brand":[],"product_cat":[204,94,127],"product_tag":[],"class_list":{"0":"post-3291","1":"product","2":"type-product","3":"status-publish","4":"has-post-thumbnail","6":"product_cat-feuchtigkeitspflege","7":"product_cat-gesicht","8":"product_cat-marias-de","10":"first","11":"instock","12":"shipping-taxable","13":"purchasable","14":"product-type-simple","15":"entry","16":"content-bg","17":"loop-entry"},"_links":{"self":[{"href":"https:\/\/sourcenaturelle.eu\/de\/wp-json\/wp\/v2\/product\/3291","targetHints":{"allow":["GET"]}}],"collection":[{"href":"https:\/\/sourcenaturelle.eu\/de\/wp-json\/wp\/v2\/product"}],"about":[{"href":"https:\/\/sourcenaturelle.eu\/de\/wp-json\/wp\/v2\/types\/product"}],"wp:featuredmedia":[{"embeddable":true,"href":"https:\/\/sourcenaturelle.eu\/de\/wp-json\/wp\/v2\/media\/3288"}],"wp:attachment":[{"href":"https:\/\/sourcenaturelle.eu\/de\/wp-json\/wp\/v2\/media?parent=3291"}],"wp:term":[{"taxonomy":"product_brand","embeddable":true,"href":"https:\/\/sourcenaturelle.eu\/de\/wp-json\/wp\/v2\/product_brand?post=3291"},{"taxonomy":"product_cat","embeddable":true,"href":"https:\/\/sourcenaturelle.eu\/de\/wp-json\/wp\/v2\/product_cat?post=3291"},{"taxonomy":"product_tag","embeddable":true,"href":"https:\/\/sourcenaturelle.eu\/de\/wp-json\/wp\/v2\/product_tag?post=3291"}],"curies":[{"name":"wp","href":"https:\/\/api.w.org\/{rel}","templated":true}]}}