{"id":3211,"date":"2021-06-22T10:59:39","date_gmt":"2021-06-22T10:59:39","guid":{"rendered":"https:\/\/sourcenaturelle.eu\/product\/marias-bio-wildrose-gesichtscreme-reichhaltig-50ml\/"},"modified":"2021-06-22T10:59:39","modified_gmt":"2021-06-22T10:59:39","slug":"marias-bio-wildrose-gesichtscreme-reichhaltig-50ml","status":"publish","type":"product","link":"https:\/\/sourcenaturelle.eu\/de\/produkt\/marias-bio-wildrose-gesichtscreme-reichhaltig-50ml\/","title":{"rendered":"MARIAS Bio Wildrose Gesichtscreme, reichhaltig, 50ml"},"content":{"rendered":"<p>Mit den besonderen Eigenschaften der Wildrose ist diese Creme die ideale Pflege f\u00fcr normale, f\u00fcr eher zu Trockenheit neigende, sowie f\u00fcr empfindliche Haut. Eine ausgewogene Kombination aus wertvollen Pflanzen\u00f6len wie Wildrosensamen\u00f6l, Jojoba\u00f6l, Mandel\u00f6l und Avocado\u00f6l pflegt, sch\u00fctzt und n\u00e4hrt die Haut bei Tag und Nacht, ein Extrakt aus Edelwei\u00df bietet rein pflanzlichen Schutz vor UV-Strahlung, Hyalurons\u00e4ure speichert Feuchtigkeit in tiefe Hautschichten.<\/p>\n","protected":false},"excerpt":{"rendered":"<p>F\u00fcr normale, trockene oder sensible Haut.<\/p>\n","protected":false},"featured_media":3208,"template":"","meta":{"_kad_post_transparent":"","_kad_post_title":"","_kad_post_layout":"","_kad_post_sidebar_id":"","_kad_post_content_style":"","_kad_post_vertical_padding":"","_kad_post_feature":"","_kad_post_feature_position":"","_kad_post_header":false,"_kad_post_footer":false,"_kad_post_classname":""},"product_brand":[],"product_cat":[204,94,127],"product_tag":[],"class_list":{"0":"post-3211","1":"product","2":"type-product","3":"status-publish","4":"has-post-thumbnail","6":"product_cat-feuchtigkeitspflege","7":"product_cat-gesicht","8":"product_cat-marias-de","10":"first","11":"instock","12":"shipping-taxable","13":"purchasable","14":"product-type-simple","15":"entry","16":"content-bg","17":"loop-entry"},"_links":{"self":[{"href":"https:\/\/sourcenaturelle.eu\/de\/wp-json\/wp\/v2\/product\/3211","targetHints":{"allow":["GET"]}}],"collection":[{"href":"https:\/\/sourcenaturelle.eu\/de\/wp-json\/wp\/v2\/product"}],"about":[{"href":"https:\/\/sourcenaturelle.eu\/de\/wp-json\/wp\/v2\/types\/product"}],"wp:featuredmedia":[{"embeddable":true,"href":"https:\/\/sourcenaturelle.eu\/de\/wp-json\/wp\/v2\/media\/3208"}],"wp:attachment":[{"href":"https:\/\/sourcenaturelle.eu\/de\/wp-json\/wp\/v2\/media?parent=3211"}],"wp:term":[{"taxonomy":"product_brand","embeddable":true,"href":"https:\/\/sourcenaturelle.eu\/de\/wp-json\/wp\/v2\/product_brand?post=3211"},{"taxonomy":"product_cat","embeddable":true,"href":"https:\/\/sourcenaturelle.eu\/de\/wp-json\/wp\/v2\/product_cat?post=3211"},{"taxonomy":"product_tag","embeddable":true,"href":"https:\/\/sourcenaturelle.eu\/de\/wp-json\/wp\/v2\/product_tag?post=3211"}],"curies":[{"name":"wp","href":"https:\/\/api.w.org\/{rel}","templated":true}]}}