{"id":3203,"date":"2021-06-22T10:44:13","date_gmt":"2021-06-22T10:44:13","guid":{"rendered":"https:\/\/sourcenaturelle.eu\/product\/marias-bio-wildrose-gesichtscreme-leicht-50ml\/"},"modified":"2021-06-22T10:44:13","modified_gmt":"2021-06-22T10:44:13","slug":"marias-bio-wildrose-gesichtscreme-leicht-50ml","status":"publish","type":"product","link":"https:\/\/sourcenaturelle.eu\/de\/produkt\/marias-bio-wildrose-gesichtscreme-leicht-50ml\/","title":{"rendered":"MARIAS Bio Wildrose Gesichtscreme leicht, 50ml"},"content":{"rendered":"<p>Die leichte Variante der Wildrosen Gesichtscreme f\u00fcr junge Haut, als Sommerpflege oder als Make-up Unterlage. Eine Kombination wertvoller Pflanzen\u00f6le wie Wildrosensamen-, Jojoba-, Mandel- und Lein\u00f6l pflegt Ihre Haut optimal, Hyalurons\u00e4ure speichert Feuchtigkeit in tiefen Hautschichten.   <\/p>\n<p>ANWENDUNG:<br \/>\nNach der Reinigung und Befeuchtung der Haut, eine erbsengro\u00dfe Menge auf Gesicht, Hals und Dekollet\u00e9 auftragen, leicht einmassieren.<\/p>\n","protected":false},"excerpt":{"rendered":"<p>F\u00fcr alle Hauttypen.<\/p>\n","protected":false},"featured_media":3200,"template":"","meta":{"_kad_post_transparent":"","_kad_post_title":"","_kad_post_layout":"","_kad_post_sidebar_id":"","_kad_post_content_style":"","_kad_post_vertical_padding":"","_kad_post_feature":"","_kad_post_feature_position":"","_kad_post_header":false,"_kad_post_footer":false,"_kad_post_classname":""},"product_brand":[],"product_cat":[204,94,127],"product_tag":[],"class_list":{"0":"post-3203","1":"product","2":"type-product","3":"status-publish","4":"has-post-thumbnail","6":"product_cat-feuchtigkeitspflege","7":"product_cat-gesicht","8":"product_cat-marias-de","10":"first","11":"instock","12":"shipping-taxable","13":"purchasable","14":"product-type-simple","15":"entry","16":"content-bg","17":"loop-entry"},"_links":{"self":[{"href":"https:\/\/sourcenaturelle.eu\/de\/wp-json\/wp\/v2\/product\/3203","targetHints":{"allow":["GET"]}}],"collection":[{"href":"https:\/\/sourcenaturelle.eu\/de\/wp-json\/wp\/v2\/product"}],"about":[{"href":"https:\/\/sourcenaturelle.eu\/de\/wp-json\/wp\/v2\/types\/product"}],"wp:featuredmedia":[{"embeddable":true,"href":"https:\/\/sourcenaturelle.eu\/de\/wp-json\/wp\/v2\/media\/3200"}],"wp:attachment":[{"href":"https:\/\/sourcenaturelle.eu\/de\/wp-json\/wp\/v2\/media?parent=3203"}],"wp:term":[{"taxonomy":"product_brand","embeddable":true,"href":"https:\/\/sourcenaturelle.eu\/de\/wp-json\/wp\/v2\/product_brand?post=3203"},{"taxonomy":"product_cat","embeddable":true,"href":"https:\/\/sourcenaturelle.eu\/de\/wp-json\/wp\/v2\/product_cat?post=3203"},{"taxonomy":"product_tag","embeddable":true,"href":"https:\/\/sourcenaturelle.eu\/de\/wp-json\/wp\/v2\/product_tag?post=3203"}],"curies":[{"name":"wp","href":"https:\/\/api.w.org\/{rel}","templated":true}]}}