{"id":2361,"date":"2021-05-30T18:12:45","date_gmt":"2021-05-30T18:12:45","guid":{"rendered":"https:\/\/sourcenaturelle.eu\/product\/sanoll-amethyst-gesichtscreme-50ml\/"},"modified":"2021-05-30T18:12:45","modified_gmt":"2021-05-30T18:12:45","slug":"sanoll-amethyst-gesichtscreme-50ml","status":"publish","type":"product","link":"https:\/\/sourcenaturelle.eu\/de\/produkt\/sanoll-amethyst-gesichtscreme-50ml\/","title":{"rendered":"Sanoll Amethyst Gesichtscreme, 50ml"},"content":{"rendered":"<p>Das anregende Rot wird im Amethyst mit dem beruhigenden Blau zum harmonischen Violett vereint. Der Edelstein Amethyst kann laut Edelstein-Literatur das Bindegewebe aktivieren und hilft so der Haut die ausgleichenden Regulationsmechanismen zu aktivieren. Die notwendige Feuchtigkeit und k\u00f6rpereigenes pflegendes Talg finden ins Gleichgewicht! Aloe Vera Ursaft, die Bl\u00fcten- und Knospenessenzen und das Nachtkerzen\u00f6l versorgen die Haut zus\u00e4tzlich mit Bio-Wirkstoffen f\u00fcr die Balance zwischen trockenen und fettigen Hautzonen.<\/p>\n<p>Bio-%: 98 %<br \/>\npH-Wert (ca.): 7,2<br \/>\nTier-Philosophie: vegan<br \/>\nGlutenFREI: ja<br \/>\nLaktoseFREI: ja<\/p>\n","protected":false},"excerpt":{"rendered":"<p>Das anregende Rot wird im Amethyst mit dem beruhigenden Blau zum harmonischen Violett vereint.<\/p>\n","protected":false},"featured_media":0,"template":"","meta":{"_kad_post_transparent":"","_kad_post_title":"","_kad_post_layout":"","_kad_post_sidebar_id":"","_kad_post_content_style":"","_kad_post_vertical_padding":"","_kad_post_feature":"","_kad_post_feature_position":"","_kad_post_header":false,"_kad_post_footer":false,"_kad_post_classname":""},"product_brand":[],"product_cat":[204,94,133],"product_tag":[],"class_list":{"0":"post-2361","1":"product","2":"type-product","3":"status-publish","5":"product_cat-feuchtigkeitspflege","6":"product_cat-gesicht","7":"product_cat-sanoll-de","9":"first","10":"instock","11":"shipping-taxable","12":"purchasable","13":"product-type-simple","14":"entry","15":"content-bg","16":"loop-entry"},"_links":{"self":[{"href":"https:\/\/sourcenaturelle.eu\/de\/wp-json\/wp\/v2\/product\/2361","targetHints":{"allow":["GET"]}}],"collection":[{"href":"https:\/\/sourcenaturelle.eu\/de\/wp-json\/wp\/v2\/product"}],"about":[{"href":"https:\/\/sourcenaturelle.eu\/de\/wp-json\/wp\/v2\/types\/product"}],"wp:attachment":[{"href":"https:\/\/sourcenaturelle.eu\/de\/wp-json\/wp\/v2\/media?parent=2361"}],"wp:term":[{"taxonomy":"product_brand","embeddable":true,"href":"https:\/\/sourcenaturelle.eu\/de\/wp-json\/wp\/v2\/product_brand?post=2361"},{"taxonomy":"product_cat","embeddable":true,"href":"https:\/\/sourcenaturelle.eu\/de\/wp-json\/wp\/v2\/product_cat?post=2361"},{"taxonomy":"product_tag","embeddable":true,"href":"https:\/\/sourcenaturelle.eu\/de\/wp-json\/wp\/v2\/product_tag?post=2361"}],"curies":[{"name":"wp","href":"https:\/\/api.w.org\/{rel}","templated":true}]}}