{"id":2311,"date":"2021-05-30T18:15:12","date_gmt":"2021-05-30T18:15:12","guid":{"rendered":"https:\/\/sourcenaturelle.eu\/product\/sanoll-bergkristall-tonic-150ml\/"},"modified":"2021-06-07T10:53:26","modified_gmt":"2021-06-07T10:53:26","slug":"sanoll-bergkristall-tonic-150ml","status":"publish","type":"product","link":"https:\/\/sourcenaturelle.eu\/de\/produkt\/sanoll-bergkristall-tonic-150ml\/","title":{"rendered":"Sanoll Bergkristall Tonic, 150ml"},"content":{"rendered":"<p>Gesichtswasser bzw. Tonic f\u00fcr alle Hauttypen! Durch die beruhigende Wirkung von Lavendel und Rose, in Kombination mit der Klarheit des Bergkristalls, wird die Haut in ihrer Selbstregulation unterst\u00fctzt. Ringelblume, Kamille und Echinacea k\u00f6nnen Hautunreinheiten und Entz\u00fcndungen vorbeugen.<br \/>\nBio-%: 100 %<br \/>\npH-Wert (ca.): 5,0<br \/>\nTier-Philosophie: vegan<br \/>\nGlutenFREI: ja<br \/>\nLaktoseFREI: ja<\/p>\n","protected":false},"excerpt":{"rendered":"<p>Gesichtswasser bzw. Tonic f\u00fcr alle Hauttypen!<\/p>\n","protected":false},"featured_media":0,"template":"","meta":{"_kad_post_transparent":"","_kad_post_title":"","_kad_post_layout":"","_kad_post_sidebar_id":"","_kad_post_content_style":"","_kad_post_vertical_padding":"","_kad_post_feature":"","_kad_post_feature_position":"","_kad_post_header":false,"_kad_post_footer":false,"_kad_post_classname":""},"product_brand":[],"product_cat":[94,198,133],"product_tag":[],"class_list":{"0":"post-2311","1":"product","2":"type-product","3":"status-publish","5":"product_cat-gesicht","6":"product_cat-gesichtsreinigung","7":"product_cat-sanoll-de","9":"first","10":"instock","11":"shipping-taxable","12":"purchasable","13":"product-type-simple","14":"entry","15":"content-bg","16":"loop-entry"},"_links":{"self":[{"href":"https:\/\/sourcenaturelle.eu\/de\/wp-json\/wp\/v2\/product\/2311","targetHints":{"allow":["GET"]}}],"collection":[{"href":"https:\/\/sourcenaturelle.eu\/de\/wp-json\/wp\/v2\/product"}],"about":[{"href":"https:\/\/sourcenaturelle.eu\/de\/wp-json\/wp\/v2\/types\/product"}],"wp:attachment":[{"href":"https:\/\/sourcenaturelle.eu\/de\/wp-json\/wp\/v2\/media?parent=2311"}],"wp:term":[{"taxonomy":"product_brand","embeddable":true,"href":"https:\/\/sourcenaturelle.eu\/de\/wp-json\/wp\/v2\/product_brand?post=2311"},{"taxonomy":"product_cat","embeddable":true,"href":"https:\/\/sourcenaturelle.eu\/de\/wp-json\/wp\/v2\/product_cat?post=2311"},{"taxonomy":"product_tag","embeddable":true,"href":"https:\/\/sourcenaturelle.eu\/de\/wp-json\/wp\/v2\/product_tag?post=2311"}],"curies":[{"name":"wp","href":"https:\/\/api.w.org\/{rel}","templated":true}]}}