{"id":2301,"date":"2021-05-31T12:58:14","date_gmt":"2021-05-31T12:58:14","guid":{"rendered":"https:\/\/sourcenaturelle.eu\/product\/marias-bio-wildrose-augen-intensivcreme-15ml\/"},"modified":"2021-06-06T14:53:09","modified_gmt":"2021-06-06T14:53:09","slug":"marias-bio-wildrose-augen-intensivcreme-15ml","status":"publish","type":"product","link":"https:\/\/sourcenaturelle.eu\/de\/produkt\/marias-bio-wildrose-augen-intensivcreme-15ml\/","title":{"rendered":"MARIAS Bio Wildrose Augen Intensivcreme, 15ml"},"content":{"rendered":"<p>N\u00e4hrt und entspannt die zarte Haut um die Augen: Hyaluron in Kombination mit wertvollen Samen\u00f6len mindert F\u00e4ltchen und unterst\u00fctzen die Regeneration der Haut. Augentrost und Kornblume lindern Schwellungen.<\/p>\n<p><strong>Anwendung:<\/strong> Rund um die Augen auftragen und leicht einklopfen.<\/p>\n","protected":false},"excerpt":{"rendered":"<p>N\u00e4hrt und entspannt die zarte Haut um die Augen.<\/p>\n","protected":false},"featured_media":0,"template":"","meta":{"_kad_post_transparent":"","_kad_post_title":"","_kad_post_layout":"","_kad_post_sidebar_id":"","_kad_post_content_style":"","_kad_post_vertical_padding":"","_kad_post_feature":"","_kad_post_feature_position":"","_kad_post_header":false,"_kad_post_footer":false,"_kad_post_classname":""},"product_brand":[],"product_cat":[201,94,127],"product_tag":[],"class_list":{"0":"post-2301","1":"product","2":"type-product","3":"status-publish","5":"product_cat-augen-lippen","6":"product_cat-gesicht","7":"product_cat-marias-de","9":"first","10":"instock","11":"shipping-taxable","12":"purchasable","13":"product-type-simple","14":"entry","15":"content-bg","16":"loop-entry"},"_links":{"self":[{"href":"https:\/\/sourcenaturelle.eu\/de\/wp-json\/wp\/v2\/product\/2301","targetHints":{"allow":["GET"]}}],"collection":[{"href":"https:\/\/sourcenaturelle.eu\/de\/wp-json\/wp\/v2\/product"}],"about":[{"href":"https:\/\/sourcenaturelle.eu\/de\/wp-json\/wp\/v2\/types\/product"}],"wp:attachment":[{"href":"https:\/\/sourcenaturelle.eu\/de\/wp-json\/wp\/v2\/media?parent=2301"}],"wp:term":[{"taxonomy":"product_brand","embeddable":true,"href":"https:\/\/sourcenaturelle.eu\/de\/wp-json\/wp\/v2\/product_brand?post=2301"},{"taxonomy":"product_cat","embeddable":true,"href":"https:\/\/sourcenaturelle.eu\/de\/wp-json\/wp\/v2\/product_cat?post=2301"},{"taxonomy":"product_tag","embeddable":true,"href":"https:\/\/sourcenaturelle.eu\/de\/wp-json\/wp\/v2\/product_tag?post=2301"}],"curies":[{"name":"wp","href":"https:\/\/api.w.org\/{rel}","templated":true}]}}