{"id":2292,"date":"2021-05-31T12:53:27","date_gmt":"2021-05-31T12:53:27","guid":{"rendered":"https:\/\/sourcenaturelle.eu\/product\/bio-shampoo-hafer-shampoo-care-2-in-1-250-ml\/"},"modified":"2021-06-11T17:10:17","modified_gmt":"2021-06-11T17:10:17","slug":"bio-shampoo-hafer-shampoo-care-2-in-1-250-ml-de","status":"publish","type":"product","link":"https:\/\/sourcenaturelle.eu\/de\/produkt\/bio-shampoo-hafer-shampoo-care-2-in-1-250-ml-de\/","title":{"rendered":"Marias Bio Shampoo Hafer, Shampoo &#038; Care 2 in 1, 250 ml"},"content":{"rendered":"<p>MAR\u00edAS Bio Shampoo Hafer reinigt sanft mit rein pflanzlichen Tensiden,  gleichzeitig gl\u00e4tten Hafermilch, Sonnenblumen- und Mohn\u00f6l aus \u00d6sterreich die Haaroberfl\u00e4che und mindern Haarbruch und Spliss &#8211; das Ergebnis ist geschmeidig sch\u00f6nes Haar mit F\u00fclle und Glanz. Vanille, Zeder, Benzoeharz und Orange verleihen dem Shampoo einen sanften, weichen Duft.aus \u00d6sterreich die Haaroberfl\u00e4che und mindern Haarbruch und Spliss &#8211; das Ergebnis ist geschmeidig sch\u00f6nes Haar mit F\u00fclle und Glanz. Vanille, Zeder, Benzoeharz und Orange verleihen dem Shampoo einen sanften, weichen Duft.<\/p>\n","protected":false},"excerpt":{"rendered":"<p>MAR\u00edAS Bio Shampoo Hafer reinigt sanft mit rein pflanzlichen Tensiden,  gleichzeitig gl\u00e4tten Hafermilch, Sonnenblumen- und Mohn\u00f6l.<\/p>\n","protected":false},"featured_media":0,"template":"","meta":{"_kad_post_transparent":"","_kad_post_title":"","_kad_post_layout":"","_kad_post_sidebar_id":"","_kad_post_content_style":"","_kad_post_vertical_padding":"","_kad_post_feature":"","_kad_post_feature_position":"","_kad_post_header":false,"_kad_post_footer":false,"_kad_post_classname":""},"product_brand":[],"product_cat":[106,127,210],"product_tag":[],"class_list":{"0":"post-2292","1":"product","2":"type-product","3":"status-publish","5":"product_cat-haare","6":"product_cat-marias-de","7":"product_cat-shampoo-spulung","9":"first","10":"instock","11":"shipping-taxable","12":"purchasable","13":"product-type-simple","14":"entry","15":"content-bg","16":"loop-entry"},"_links":{"self":[{"href":"https:\/\/sourcenaturelle.eu\/de\/wp-json\/wp\/v2\/product\/2292","targetHints":{"allow":["GET"]}}],"collection":[{"href":"https:\/\/sourcenaturelle.eu\/de\/wp-json\/wp\/v2\/product"}],"about":[{"href":"https:\/\/sourcenaturelle.eu\/de\/wp-json\/wp\/v2\/types\/product"}],"wp:attachment":[{"href":"https:\/\/sourcenaturelle.eu\/de\/wp-json\/wp\/v2\/media?parent=2292"}],"wp:term":[{"taxonomy":"product_brand","embeddable":true,"href":"https:\/\/sourcenaturelle.eu\/de\/wp-json\/wp\/v2\/product_brand?post=2292"},{"taxonomy":"product_cat","embeddable":true,"href":"https:\/\/sourcenaturelle.eu\/de\/wp-json\/wp\/v2\/product_cat?post=2292"},{"taxonomy":"product_tag","embeddable":true,"href":"https:\/\/sourcenaturelle.eu\/de\/wp-json\/wp\/v2\/product_tag?post=2292"}],"curies":[{"name":"wp","href":"https:\/\/api.w.org\/{rel}","templated":true}]}}