{"id":2096,"date":"2021-05-30T17:15:44","date_gmt":"2021-05-30T17:15:44","guid":{"rendered":"https:\/\/sourcenaturelle.eu\/product\/sanoll-babycreme-po-50ml-de\/"},"modified":"2021-06-04T16:51:16","modified_gmt":"2021-06-04T16:51:16","slug":"sanoll-babycreme-po-50ml-de","status":"publish","type":"product","link":"https:\/\/sourcenaturelle.eu\/de\/produkt\/sanoll-babycreme-po-50ml-de\/","title":{"rendered":"Sanoll Babycreme Po, 50ml"},"content":{"rendered":"<p>Der empfindliche Windelbereich ist wohl eines der Hauptthemen einer guten Babypflege. Eine Po-Creme muss einerseits guten N\u00e4sseschutz bieten und andererseits Hautreizungen und Entz\u00fcndungen entgegen wirken. Naturbelassene Heilerde, Stiefm\u00fctterchen-Extrakt, Mandel\u00f6l und einige weitere Geschenke der Natur erweisen sich hier als gute Helfer. In diesem Produkt verzichten wir bewusst auf Alkohol und \u00e4therische \u00d6le, um ein Brennen auf der gereizten oder \u201ewunden\u201c Haut zu vermeiden. Diese sehr reichhaltige Creme pflegt, sch\u00fctzt und hilft der Haut, ihr nat\u00fcrliches Gleichgewicht zu finden.<\/p>\n<p><strong>TIPP<\/strong><br \/>\nDie Creme bleibt teilweise sch\u00fctzend auf der Hautoberfl\u00e4che. Sie kann je nach Bedarf auch an anderen K\u00f6rperstellen und in der Altenpflege angewendet werden. Sehr empfehlen wir die Kombination mit einer atmungsaktiven nat\u00fcrlichen Windel!<\/p>\n","protected":false},"excerpt":{"rendered":"<p>Der empfindliche Windelbereich ist wohl eines der Hauptthemen einer guten Babypflege.<\/p>\n","protected":false},"featured_media":0,"template":"","meta":{"_kad_post_transparent":"","_kad_post_title":"","_kad_post_layout":"","_kad_post_sidebar_id":"","_kad_post_content_style":"","_kad_post_vertical_padding":"","_kad_post_feature":"","_kad_post_feature_position":"","_kad_post_header":false,"_kad_post_footer":false,"_kad_post_classname":""},"product_brand":[],"product_cat":[118,121,133],"product_tag":[],"class_list":{"0":"post-2096","1":"product","2":"type-product","3":"status-publish","5":"product_cat-kinder","6":"product_cat-koerperpflege","7":"product_cat-sanoll-de","9":"first","10":"instock","11":"shipping-taxable","12":"purchasable","13":"product-type-simple","14":"entry","15":"content-bg","16":"loop-entry"},"_links":{"self":[{"href":"https:\/\/sourcenaturelle.eu\/de\/wp-json\/wp\/v2\/product\/2096","targetHints":{"allow":["GET"]}}],"collection":[{"href":"https:\/\/sourcenaturelle.eu\/de\/wp-json\/wp\/v2\/product"}],"about":[{"href":"https:\/\/sourcenaturelle.eu\/de\/wp-json\/wp\/v2\/types\/product"}],"wp:attachment":[{"href":"https:\/\/sourcenaturelle.eu\/de\/wp-json\/wp\/v2\/media?parent=2096"}],"wp:term":[{"taxonomy":"product_brand","embeddable":true,"href":"https:\/\/sourcenaturelle.eu\/de\/wp-json\/wp\/v2\/product_brand?post=2096"},{"taxonomy":"product_cat","embeddable":true,"href":"https:\/\/sourcenaturelle.eu\/de\/wp-json\/wp\/v2\/product_cat?post=2096"},{"taxonomy":"product_tag","embeddable":true,"href":"https:\/\/sourcenaturelle.eu\/de\/wp-json\/wp\/v2\/product_tag?post=2096"}],"curies":[{"name":"wp","href":"https:\/\/api.w.org\/{rel}","templated":true}]}}