{"id":3015,"date":"2021-06-14T21:54:47","date_gmt":"2021-06-14T21:54:47","guid":{"rendered":"https:\/\/sourcenaturelle.eu\/ueber-uns\/"},"modified":"2021-06-26T09:35:53","modified_gmt":"2021-06-26T09:35:53","slug":"ueber-uns","status":"publish","type":"page","link":"https:\/\/sourcenaturelle.eu\/de\/ueber-uns\/","title":{"rendered":"\u00dcber uns"},"content":{"rendered":"\t\t<div data-elementor-type=\"wp-page\" data-elementor-id=\"3015\" class=\"elementor elementor-3015 elementor-492\">\n\t\t\t\t\t\t<section class=\"elementor-section elementor-top-section elementor-element elementor-element-447bb11 elementor-section-height-min-height elementor-section-items-bottom elementor-section-boxed elementor-section-height-default\" data-id=\"447bb11\" data-element_type=\"section\" data-e-type=\"section\" data-settings=\"{&quot;background_background&quot;:&quot;classic&quot;}\">\n\t\t\t\t\t\t\t<div class=\"elementor-background-overlay\"><\/div>\n\t\t\t\t\t\t\t<div class=\"elementor-container elementor-column-gap-default\">\n\t\t\t\t\t<div class=\"elementor-column elementor-col-100 elementor-top-column elementor-element elementor-element-01b2a2e\" data-id=\"01b2a2e\" data-element_type=\"column\" data-e-type=\"column\">\n\t\t\t<div class=\"elementor-widget-wrap elementor-element-populated\">\n\t\t\t\t\t\t<div class=\"elementor-element elementor-element-5cf34b4 elementor-widget elementor-widget-heading\" data-id=\"5cf34b4\" data-element_type=\"widget\" data-e-type=\"widget\" data-widget_type=\"heading.default\">\n\t\t\t\t<div class=\"elementor-widget-container\">\n\t\t\t\t\t<h2 class=\"elementor-heading-title elementor-size-default\">\u00dcber uns<\/h2>\t\t\t\t<\/div>\n\t\t\t\t<\/div>\n\t\t\t\t\t<\/div>\n\t\t<\/div>\n\t\t\t\t\t<\/div>\n\t\t<\/section>\n\t\t\t\t<section class=\"elementor-section elementor-top-section elementor-element elementor-element-7f6ceda elementor-section-boxed elementor-section-height-default elementor-section-height-default\" data-id=\"7f6ceda\" data-element_type=\"section\" data-e-type=\"section\">\n\t\t\t\t\t\t<div class=\"elementor-container elementor-column-gap-default\">\n\t\t\t\t\t<div class=\"elementor-column elementor-col-100 elementor-top-column elementor-element elementor-element-8f095c6\" data-id=\"8f095c6\" data-element_type=\"column\" data-e-type=\"column\">\n\t\t\t<div class=\"elementor-widget-wrap elementor-element-populated\">\n\t\t\t\t\t\t<div class=\"elementor-element elementor-element-0417317 elementor-widget elementor-widget-heading\" data-id=\"0417317\" data-element_type=\"widget\" data-e-type=\"widget\" data-widget_type=\"heading.default\">\n\t\t\t\t<div class=\"elementor-widget-container\">\n\t\t\t\t\t<h5 class=\"elementor-heading-title elementor-size-default\">Unsere Geschichte<\/h5>\t\t\t\t<\/div>\n\t\t\t\t<\/div>\n\t\t\t\t<div class=\"elementor-element elementor-element-59203da elementor-widget elementor-widget-heading\" data-id=\"59203da\" data-element_type=\"widget\" data-e-type=\"widget\" data-widget_type=\"heading.default\">\n\t\t\t\t<div class=\"elementor-widget-container\">\n\t\t\t\t\t<h3 class=\"elementor-heading-title elementor-size-default\">Willkommen bei Source Naturelle!<\/h3>\t\t\t\t<\/div>\n\t\t\t\t<\/div>\n\t\t\t\t<div class=\"elementor-element elementor-element-2583fa7 elementor-widget elementor-widget-text-editor\" data-id=\"2583fa7\" data-element_type=\"widget\" data-e-type=\"widget\" data-widget_type=\"text-editor.default\">\n\t\t\t\t<div class=\"elementor-widget-container\">\n\t\t\t\t\t\t\t\t\t<p>Willkommen bei Source Naturelle!<\/p>\n<p>Mein Name ist Nina und ich lebe in \u00d6sterreich.<br \/>\nW\u00e4hrend meiner ersten Schwangerschaft wollte ich mich ges\u00fcnder ern\u00e4hren und habe angefangen, mehr Bio-Lebensmittel zu kaufen. Wie alle M\u00fctter, wollte ich nur das Beste f\u00fcr mein Kind. Als ich eine Hautreaktion auf Baby\u00f6l einer bekannten Marke hatte, recherchierte ich und stellte fest, dass der gr\u00f6\u00dfte Teil der Babypflegeprodukte potentiell sch\u00e4dliche chemische Inhaltsstoffe enth\u00e4lt. <\/p>\n<p>Da ich selbst \u00c4rztin bin, wei\u00df ich, dass Kosmetik, die wir verwenden, nicht nur auf der Haut wirken, sondern auch in sie eindringen. Ich habe dann entschieden, nach Bio-Kosmetik f\u00fcr mein Kind zu suchen. Dann habe ich langsam alle Pflegeprodukte auf Bio umgestellt. Meine Familie und Freunde fragten mich regelm\u00e4\u00dfig nach Empfehlungen f\u00fcr Naturkosmetik, und ich hatte die Idee eines kleinen Biokosmetik-Internetshops f\u00fcr den engeren Kreis. <\/p>\n<p>Ich habe mich f\u00fcr kleine lokale \u00f6sterreichische und deutsche Marken entschieden mit zertifizierte Bio-Kosmetik und 100% nat\u00fcrliche Inhaltsstoffe. Ich probiere jedes Produkt selbst aus, bevor ich es in den Internetshop aufnehme und kann es w\u00e4rmstens empfehlen.<\/p>\n<p>Ich hoffe, dass es gef\u00e4llt Ihnen im Kreis zu sein! \ud83d\udc9a<\/p>\n<p>Source Naturelle &#8211; Ihre Quelle f\u00fcr nat\u00fcrliche Sch\u00f6nheit!<\/p>\n\t\t\t\t\t\t\t\t<\/div>\n\t\t\t\t<\/div>\n\t\t\t\t\t<\/div>\n\t\t<\/div>\n\t\t\t\t\t<\/div>\n\t\t<\/section>\n\t\t\t\t<\/div>\n\t\t","protected":false},"excerpt":{"rendered":"<p>\u00dcber uns Unsere Geschichte Willkommen bei Source Naturelle! Willkommen bei Source Naturelle! Mein Name ist Nina und ich lebe in \u00d6sterreich. W\u00e4hrend meiner ersten Schwangerschaft wollte ich mich ges\u00fcnder ern\u00e4hren und habe angefangen, mehr Bio-Lebensmittel zu kaufen. Wie alle M\u00fctter, wollte ich nur das Beste f\u00fcr mein Kind. Als ich eine Hautreaktion auf Baby\u00f6l einer&#8230;<\/p>\n","protected":false},"author":1,"featured_media":0,"parent":0,"menu_order":0,"comment_status":"closed","ping_status":"closed","template":"","meta":{"_kad_post_transparent":"","_kad_post_title":"","_kad_post_layout":"","_kad_post_sidebar_id":"","_kad_post_content_style":"","_kad_post_vertical_padding":"","_kad_post_feature":"","_kad_post_feature_position":"","_kad_post_header":false,"_kad_post_footer":false,"_kad_post_classname":"","footnotes":""},"class_list":["post-3015","page","type-page","status-publish","hentry"],"_links":{"self":[{"href":"https:\/\/sourcenaturelle.eu\/de\/wp-json\/wp\/v2\/pages\/3015","targetHints":{"allow":["GET"]}}],"collection":[{"href":"https:\/\/sourcenaturelle.eu\/de\/wp-json\/wp\/v2\/pages"}],"about":[{"href":"https:\/\/sourcenaturelle.eu\/de\/wp-json\/wp\/v2\/types\/page"}],"author":[{"embeddable":true,"href":"https:\/\/sourcenaturelle.eu\/de\/wp-json\/wp\/v2\/users\/1"}],"replies":[{"embeddable":true,"href":"https:\/\/sourcenaturelle.eu\/de\/wp-json\/wp\/v2\/comments?post=3015"}],"version-history":[{"count":0,"href":"https:\/\/sourcenaturelle.eu\/de\/wp-json\/wp\/v2\/pages\/3015\/revisions"}],"wp:attachment":[{"href":"https:\/\/sourcenaturelle.eu\/de\/wp-json\/wp\/v2\/media?parent=3015"}],"curies":[{"name":"wp","href":"https:\/\/api.w.org\/{rel}","templated":true}]}}