{"id":2983,"date":"2021-06-14T12:04:23","date_gmt":"2021-06-14T12:04:23","guid":{"rendered":"https:\/\/sourcenaturelle.eu\/allgemeine-geschaeftsbedingungen-agb-allgemeines\/"},"modified":"2021-08-18T21:54:25","modified_gmt":"2021-08-18T21:54:25","slug":"allgemeine-geschaeftsbedingungen-agb-allgemeines","status":"publish","type":"page","link":"https:\/\/sourcenaturelle.eu\/de\/allgemeine-geschaeftsbedingungen-agb-allgemeines\/","title":{"rendered":"Allgemeine Gesch\u00e4ftsbedingungen (AGB) Allgemeines"},"content":{"rendered":"\t\t<div data-elementor-type=\"wp-page\" data-elementor-id=\"2983\" class=\"elementor elementor-2983 elementor-1416\">\n\t\t\t\t\t\t<section class=\"elementor-section elementor-top-section elementor-element elementor-element-9a5a888 elementor-section-boxed elementor-section-height-default elementor-section-height-default\" data-id=\"9a5a888\" data-element_type=\"section\" data-e-type=\"section\">\n\t\t\t\t\t\t<div class=\"elementor-container elementor-column-gap-default\">\n\t\t\t\t\t<div class=\"elementor-column elementor-col-100 elementor-top-column elementor-element elementor-element-d21f4e6\" data-id=\"d21f4e6\" data-element_type=\"column\" data-e-type=\"column\">\n\t\t\t<div class=\"elementor-widget-wrap elementor-element-populated\">\n\t\t\t\t\t\t<div class=\"elementor-element elementor-element-745bbb9 elementor-widget elementor-widget-heading\" data-id=\"745bbb9\" data-element_type=\"widget\" data-e-type=\"widget\" data-widget_type=\"heading.default\">\n\t\t\t\t<div class=\"elementor-widget-container\">\n\t\t\t\t\t<h2 class=\"elementor-heading-title elementor-size-default\">Allgemeine Gesch\u00e4ftsbedingungen (AGB) Allgemeines<\/h2>\t\t\t\t<\/div>\n\t\t\t\t<\/div>\n\t\t\t\t\t<\/div>\n\t\t<\/div>\n\t\t\t\t\t<\/div>\n\t\t<\/section>\n\t\t\t\t<section class=\"elementor-section elementor-top-section elementor-element elementor-element-b0b5750 elementor-section-boxed elementor-section-height-default elementor-section-height-default\" data-id=\"b0b5750\" data-element_type=\"section\" data-e-type=\"section\">\n\t\t\t\t\t\t<div class=\"elementor-container elementor-column-gap-default\">\n\t\t\t\t\t<div class=\"elementor-column elementor-col-100 elementor-top-column elementor-element elementor-element-6044ea6\" data-id=\"6044ea6\" data-element_type=\"column\" data-e-type=\"column\">\n\t\t\t<div class=\"elementor-widget-wrap elementor-element-populated\">\n\t\t\t\t\t\t<div class=\"elementor-element elementor-element-dc91fe1 elementor-widget elementor-widget-text-editor\" data-id=\"dc91fe1\" data-element_type=\"widget\" data-e-type=\"widget\" data-widget_type=\"text-editor.default\">\n\t\t\t\t<div class=\"elementor-widget-container\">\n\t\t\t\t\t\t\t\t\t<h4>Allgemeine Gesch\u00e4ftsbedingungen (AGB)<br \/>\nAllgemeines<\/h4>\n<p>Diese Allgemeinen Gesch\u00e4ftsbedingungen (AGB) gelten f\u00fcr alle Vertr\u00e4ge, die \u00fcber Webshop www.sourcenaturelle.eu oder in anderer Weise zwischen Source Naturelle und dem K\u00e4ufer abgeschlossen werden.<\/p>\n<h4>Anerkennung der AGB<\/h4>\n<p>Der Kunde erkennt diese AGB an und erkl\u00e4rt sich mit ihnen einverstanden, sobald er eine Bestellung vornimmt.S\u00e4mtliche Gesch\u00e4ftsbeziehungen zwischen dem Auftragnehmer und dem Kunden unterliegen diesen AGB in ihrer zum Zeitpunkt des Gesch\u00e4ftsabschlusses geltenden Fassung. <\/p>\n<h4>Abwehrklausel<\/h4>\n<p>Die Einbeziehung von Allgemeinen Gesch\u00e4ftsbedingungen oder Vertragsbedingungen des Kunden, die von diesen AGB abweichen, werden zur\u00fcckgewiesen, es sei denn, diese werden von der Source Naturelle ausdr\u00fccklich anerkannt.<\/p>\n<h4>Vertragsschluss<\/h4>\n<p>Durch Anklicken des Buttons \u201eZahlungspflichtig bestellen\u201c gibt der Kunde ein verbindliches Angebot zum Abschluss eines Vertrages mit dem Auftragnehmer ab. Der Auftragnehmer ist nicht verpflichtet, dieses Angebot anzunehmen.<br \/>\n Der Auftragnehmer best\u00e4tigt dem Kunden den Erhalt eines Angebots durch eine E-Mail an die vom Kunden bekannt gegebene Adresse (\u201eBestellbest\u00e4tigung\u201c). Diese E-Mail stellt keine Annahme des Angebots vom Auftragnehmer dar. Der Auftragnehmer kann Angebote dadurch annehmen, dass es den Erwerb des Angebots in einer weiteren E-Mail best\u00e4tigt (\u201eAuftragsbest\u00e4tigung\u201c) oder indem es die bestellten Waren zusendet. Der Kunde ist an seine Anfragen drei Tage gebunden.Der Kunde muss \u00fcber die erforderliche Gesch\u00e4ftsf\u00e4higkeit verf\u00fcgen, um das angestrebte Rechtsgesch\u00e4ft abzuschlie\u00dfen. Um im elektronischen Weg vom Auftragnehmer Dienstleistungen und Waren beziehen zu k\u00f6nnen, m\u00fcssen sich die Kunden gegebenenfalls im Online-Shop registrieren. Der Kunde ist verpflichtet, im Zuge der Gesch\u00e4ftsbeziehung wahre und vollst\u00e4ndige Angaben zu machen und seine Daten stets aktuell zu halten. Er hat seine Daten vertraulich zu behandeln und vor dem Zugriff Unbefugter zu sch\u00fctzen. Sollte der Kunde den Verdacht eines Missbrauchs durch Dritte haben, hat er Auftragnehmer unverz\u00fcglich davon zu informieren. Der Kunde hat alle Ma\u00dfnahmen zu unterlassen, welche die technische Bereitstellung des Online-Shops gef\u00e4hrden oder beeintr\u00e4chtigen (inklusive Cyber-Attacken) k\u00f6nnten. Ein derartiges Verhalten wird rechtlich verfolgt.<\/p>\n<h4>Speicherung des Vertragstextes<\/h4>\n<p>Der Vertragstext, also die Angaben des Kunden zum Bestellvorgang, wird durch die Source Naturelle gespeichert und kann von dem Kunden unter dem Link \u201eMein Konto\u201c &#8211; \u201eMeine Bestellungen\u201c eingesehen werden. Davon unabh\u00e4ngig sendet die Source Naturelle eine Bestellbest\u00e4tigung und diese AGB an die vom Kunden angegebene E-Mail-Adresse.<\/p>\n<h4>R\u00fccktritts- \/ Widerrufsrecht<br \/>\nDieses R\u00fccktrittsrecht gilt nur f\u00fcr Verbraucher<\/h4>\n<p>Der Kunde kann, ohne Angabe von Gr\u00fcnden, innerhalb von 14 Tagen einen im Wege des Fernabsatzes geschlossenen Vertrag widerrufen. <\/p>\n<h4>Widerrufsbelehrung<\/h4>\n<p>Als Verbraucher hat der Kunde das Recht, binnen 14 Tagen ohne Angabe von Gr\u00fcnden diesen Vertrag zu widerrufen. Die gesetzliche Widerrufsfrist betr\u00e4gt 14 Tage ab dem Tag an dem Sie oder ein von Ihnen benannter Dritter, der nicht der Bef\u00f6rderer ist, die Ware in Besitz genommen hat. Um das Widerrufsrecht auszu\u00fcben, muss der Kunde den Auftragnehmer mittels einer eindeutigen Erkl\u00e4rung (zum Beispiel einem mit der Post versandten Brief, Telefax oder E-Mail) \u00fcber Ihren Entschluss, diesen Vertrag zu widerrufen, informieren.<\/p>\n<h4>Folgen des Widerrufs<\/h4>\n<p>Wenn der Kunde diesen Vertrag widerruft, hat der Auftragnehmer diesem alle Zahlungen, die er vom Kunden erhalten hat, einschlie\u00dflich der Lieferkosten (mit Ausnahme der zus\u00e4tzlichen Kosten, die sich daraus ergeben, dass der Kunde eine andere Art der Lieferung als vom Auftragnehmer angebotene, g\u00fcnstigste Standardlieferung gew\u00e4hlt haben), unverz\u00fcglich und sp\u00e4testens binnen 14 Tagen ab dem Tag zur\u00fcckzuzahlen, an dem die Mitteilung \u00fcber Ihren Widerruf dieses Vertrags bei beim Auftragnehmer eingegangen ist. Der Auftragnehmer kann die R\u00fcckzahlung verweigern, bis er die Ware wieder zur\u00fcckerhalten hat oder bis der Kunde den Nachweis erbracht hat, dass die Ware zur\u00fcckgesandt wurde, je nachdem, welches der fr\u00fchere Zeitpunkt ist. Ist ein Wertverlust einer Ware darauf zur\u00fcckzuf\u00fchren, dass die Ware in einer Art und Weise benutzt wurde, die zur Pr\u00fcfung der Beschaffenheit nicht notwendig ist, hat der Kunde f\u00fcr diesen Wertverlust einzustehen. Der Kunde hat die Waren unverz\u00fcglich und in jedem Fall sp\u00e4testens binnen 14 Tagen ab dem Tag, an dem er uns den Auftragnehmer \u00fcber den Widerruf dieses Vertrags unterrichtet, an<\/p>\n<p>Nina Deduytsche<br \/>\nMosergasse 6\/7 1090 Wien<br \/>\n+43 660 7312773<\/p>\n<p>zur\u00fcckzusenden. Die Frist ist gewahrt, wenn der Kunde die Waren vor Ablauf der Frist von 14 Tagen absendet. R\u00fccksendungen selbst zu bezahlen.<\/p>\n<h4>Preise<\/h4>\n<p><strong>Alle Produktpreise sind Gesamtpreise; Die Preise enthalten keine Umsatzsteuer gem. \u00a7 6 Abs. 1 Z 27 UStG &#8211; Kleinunternehmenregelung. Versandkosten sind im Preis nicht enthalten; sie fallen zus\u00e4tzlich an.<\/p>\n<h4>Versandkosten<\/h4>\n<p>Zuz\u00fcglich zu den angegebenen Produktpreisen kommen noch Versandkosten hinzu. Ab einem gewissen Bestellwert, entfallen diese. N\u00e4heres zur H\u00f6he der Versandkosten und dem Schwellenwert erfahren Sie bei den Angeboten. Der Auftragnehmer informiert den Kunden nochmals \u00fcber die Preise, Steuern und Versandkosten in der Bestellzusammenfassung vor dem Abschluss der Bestellung. Die jeweils g\u00fcltige Umsatzsteuer ist in den Versandkosten enthalten. Bei Lieferungen in L\u00e4nder au\u00dferhalb der EU k\u00f6nnen weitere Kosten anfallen, die zu Lasten des Kunden (K\u00e4ufers) gehen. Das k\u00f6nnen z.B. Spesen f\u00fcr die Geld\u00fcbermittlung durch Bankinstitute sein. Diese Spesen k\u00f6nnen auch anfallen, wenn auch nur die Bezahlung von einem Bankkonto au\u00dferhalb der EU erfolgt, die Ware aber an eine EU-Lieferadresse gesendet wird!<br \/>\nAuch Einfuhrabgaben wie z.B. Z\u00f6lle oder Steuern k\u00f6nnen anfallen. In so einem Fall empfehlen wir im Vorfeld eine Kontaktaufnahme mit uns, um die M\u00f6glichkeiten und zu erwartenden Kosten gemeinsam zu besprechen und abzusch\u00e4tzen.<\/p>\n<h4>Lieferbedingungen<\/h4>\n<p>Sofern nicht anders vereinbart, erfolgt die Lieferung an die vom Kunden angegebene Adresse. Source Naturelle tr\u00e4gt keine Verantwortung bei Vorliegen von Lieferhindernissen im Bereich von Zulieferern oder Herstellern. Wird die Lieferung oder die Einhaltung einer vereinbarten Lieferzeit durch Umst\u00e4nde unm\u00f6glich, die von der Source Naturelle nicht zu vertreten sind, ist die Source Naturelle berechtigt, vom Vertrag ganz oder teilweise zur\u00fcckzutreten. Schadensersatzanspr\u00fcche sind f\u00fcr diesen Fall ausgeschlossen, sofern Source Naturelle kein Verschulden nachgewiesen werden kann. \u00dcber bestehende Lieferbeschr\u00e4nkungen wird der Kunde vor dem Beginn des Bestellungsvorgangs informiert.<\/p>\n<h4>F\u00e4lligkeit und Eigentumsvorbehalt<\/h4>\n<p>Die Forderungen des Auftragnehmers werden mit Rechnungslegung f\u00e4llig, fr\u00fchestens aber mit Entgegennahme der Ware. Sofern die Forderungen nicht binnen vierzehn Tagen bezahlt werden, wird der Auftragnehmer 4 % pro Jahr an gesetzlichen Verzugszinsen ab dem Tag der F\u00e4lligkeit verlangen. Der Kunde verpflichtet sich f\u00fcr den Fall des Verzuges, die dem Auftragnehmer entstehenden Mahn- und Inkassospesen, soweit sie zur zweckentsprechenden Rechtsverfolgung notwendig sind, zu ersetzen. Sofern es sich beim Kunden um einen Unternehmer handelt, richtet sich die H\u00f6he der Verzugszinsen nach \u00a7 456 UGB. Alle vom Auftragnehmer gelieferten Waren bleiben bis zur vollst\u00e4ndigen Bezahlung in dessen Eigentum. Eine Ver\u00e4u\u00dferung der Waren vom Kunden an einen Dritten vor deren vollst\u00e4ndiger Bezahlung bedarf vorab einer Zustimmung des Auftragnehmers. Hat der Kunde die Ware nicht wie vereinbart \u00fcbernommen (Annahmeverzug), so ist der Auftragnehmer dazu berechtigt, die Ware entweder einzulagern, wof\u00fcr eine Lagergeb\u00fchr von 0,1 % des Bruttorechnungsbetrages pro angefangenem.<\/p>\n<h4>Zahlungsbedingungen<\/h4>\n<p>Source Naturelle akzeptiert die im Webshop angef\u00fchrten Zahlungsarten: Paypal, Kreditkarten.<\/p>\n<h4>Gew\u00e4hrleistung<\/h4>\n<p>Soweit nichts anderes bestimmt ist, gelten die allgemeinen gesetzlichen Vorschriften.<br \/>\nDie Gew\u00e4hrleistung ist bei durch den Kunden verursachten M\u00e4ngeln ausgeschlossen. Das ist insbesondere der Fall bei unsachgem\u00e4\u00dfer Handhabung, Fehlbedienung oder nicht genehmigten Reparaturversuchen. Werden Waren mit offensichtlichen Transportsch\u00e4den angeliefert, so trifft den Kunden die Obliegenheit solche Fehler bitte sofort bei dem Zusteller zu reklamieren und mit dem Auftragnehmer unverz\u00fcglich Kontakt aufzunehmen. Eine Vers\u00e4umung einer Reklamation oder Kontaktaufnahme hat auf die gesetzlichen Gew\u00e4hrleistungsanspr\u00fcche von Verbrauchern keine Konsequenzen und dient lediglich dazu, den Auftragnehmer zu unterst\u00fctzen, seine Anspr\u00fcche gegen\u00fcber dem mit der Auslieferung der Ware beauftragten Unternehmen bzw. der Versicherung geltend zu machen. Soweit eine Herstellergarantie besteht, hat der Kunde die aus dieser erwachsenden Anspr\u00fcche direkt gegen\u00fcber dem Hersteller geltend zu machen. Die Haftung der Source Naturelle aus der Herstellergarantie ist ausgeschlossen.<br \/>\nDer Auftragnehmer bietet keine Gew\u00e4hrleistung daf\u00fcr, dass die im Webshop ver\u00f6ffentlichten Fotos ident sind mit den tats\u00e4chlich gelieferten Waren.<\/p>\n<h4>Haftungsausschluss<\/h4>\n<p>Die Haftung ist der H\u00f6he nach auf die bei Vertragsabschluss typischerweise vorhersehbaren Sch\u00e4den begrenzt. Gegen\u00fcber Unternehmen haftet der Auftragnehmer nicht f\u00fcr entgangenen Gewinn. Unber\u00fchrt bleibt die Haftung wegen Sch\u00e4den aus Verletzung von Leben, K\u00f6rper und Gesundheit, wegen fahrl\u00e4ssiger oder vors\u00e4tzlicher Verletzung wesentlicher Vertragspflichten oder soweit nach dem Produkthaftungsgesetz. Der Auftragnehmer ist nicht verantwortlich, falls er seinen Verpflichtungen aus dem Vertragsverh\u00e4ltnis aufgrund von Umst\u00e4nden, die nicht von ihm oder einem Erf\u00fcllungsgehilfen zu vertreten sind, nicht nachkommen kann. Dies gilt unter anderem f\u00fcr die mangelnde Verf\u00fcgbarkeit von Energie oder Telekommunikationsdienstleistungen sowie aufgrund h\u00f6herer Gewalt.<\/p>\n<h4>Aufrechnungsrecht, Zur\u00fcckbehaltungsrecht<\/h4>\n<p>Der Kunde ist nicht berechtigt, gegen\u00fcber unseren Forderungen aufzurechnen, es sei denn, die Gegenanspr\u00fcche des Kunden sind rechtskr\u00e4ftig festgestellt oder unbestritten. Der Kunde ist zur Aufrechnung gegen\u00fcber unseren Forderungen auch berechtigt, wenn er M\u00e4ngelr\u00fcgen oder Gegenanspr\u00fcche aus demselben Kaufvertrag geltend macht. Der Kunde darf ein Zur\u00fcckbehaltungsrecht nur dann aus\u00fcben, wenn sein Gegenanspruch auf demselben Kaufvertrag beruht. Die in diesem Punkt vereinbarten Einschr\u00e4nkungen des Zur\u00fcckbehaltungsrechtes gelten nicht, wenn der Kunde ein Verbraucher ist.<\/p>\n<h4>Datenschutz<\/h4>\n<p>Bestimmungen zum Datenschutz sind in der Datenschutzerkl\u00e4rung enthalten.<br \/>\nDer Auftragnehmer macht darauf aufmerksam, dass Daten des Kunden aufgrund berechtigter Interessen f\u00fcr Werbezwecke verarbeitet werden k\u00f6nnen (Art 6 Abs 1 lit f DSGVO). Der Kunde kann dieser Form der Datenverarbeitung jederzeit widersprechen (Art 21 Abs 2 DSGVO).<\/p>\n<h4>\u00c4nderung der Allgemeinen Gesch\u00e4ftsbedingungen \/ \u00c4nderungsvorbehalt<\/h4>\n<p>Wir sind berechtigt, diese Allgemeinen Gesch\u00e4ftsbedingungen einseitig zu \u00e4ndern, soweit dies zur Beseitigung nachtr\u00e4glich entstehender \u00c4quivalenzst\u00f6rungen oder zur Anpassung an ver\u00e4nderte gesetzliche oder technische Rahmenbedingungen notwendig ist. \u00dcber eine \u00c4nderung werden wir den Kunden unter Mitteilung des Inhalts der ge\u00e4nderten Regelungen an die zuletzt bekannte E-Mail-Adresse des Kunden informieren. Die \u00c4nderung wird Vertragsbestandteil, wenn der Kunde nicht binnen sechs Wochen nach Zugang der \u00c4nderungsmitteilung der Einbeziehung in das Vertragsverh\u00e4ltnis uns gegen\u00fcber in Schrift- oder Textform widerspricht. Eine derartige nachtr\u00e4gliche \u00c4nderung kann keinen Nachteil f\u00fcr den Kunden begr\u00fcnden.<\/p>\n<h4>Salvatorische Klausel und Nebenabreden<\/h4>\n<p>Falls eine Bestimmung dieser Allgemeinen Gesch\u00e4ftsbedingungen unwirksam sein sollte, wird die Wirksamkeit der \u00fcbrigen Bestimmungen davon nicht ber\u00fchrt. Die unwirksame Bedingung soll durch eine solche wirksame Bedingung ersetzt werden, die dem aus der Vereinbarung erkennbaren Willen beider Vertragsparteien wirtschaftlich m\u00f6glichst nahekommt. Ab\u00e4nderungen dieser Bedingungen sowie Erg\u00e4nzungen zu diesen sind nur g\u00fcltig, wenn sie schriftlich vereinbart und gezeichnet sind.<\/p>\n<h4>Vertragssprache<\/h4>\n<p>Die f\u00fcr den Vertragsschluss zur Verf\u00fcgung stehende Sprache ist Deutsch.<\/p>\n<h4>Gerichtsstand<\/h4>\n<p>Im Falle von Streitigkeiten aus Vertr\u00e4gen, die unter der Geltung dieser AGB geschlossen wurden, sind f\u00fcr Klagen der Kunden entweder die \u00f6sterreichischen Gerichte oder Gerichte des Ortes, an dem der Kunde seinen Wohnsitz hat, zust\u00e4ndig.Diesem Vertragsverh\u00e4ltnis liegt \u00f6sterreichisches Recht zugrunde und gilt dieses als vereinbart. Diese Rechtswahl darf jedoch nicht dazu f\u00fchren, dass dem Verbraucher der Schutz entzogen wird, den ihm die zwingenden Regelungen seines Aufenthaltsstaats gew\u00e4hren (vgl Art 6 Abs 2 Rom I-VO). Die Anwendung des \u00dcbereinkommens der Vereinten Nationen \u00fcber den internationalen Warenkauf (UN-Kaufrecht) sowie von Verweisungsnormen ist ausgeschlossen.<\/p>\n<h4>Schlichtungsstelle und Online-Streitbeilegung<\/h4>\n<p>Bei Problemen k\u00f6nnen Sie \u00fcber diese Plattform eine Beschwerde einreichen und von einer unabh\u00e4ngigen Streitbeilegungsstelle bearbeiten lassen: https:\/\/ec.europa.eu\/consumers\/odr<\/p>\n<p>Unsere E-Mail-Adresse: contact@sourcenaturelle.eu<\/p>\n\t\t\t\t\t\t\t\t<\/div>\n\t\t\t\t<\/div>\n\t\t\t\t\t<\/div>\n\t\t<\/div>\n\t\t\t\t\t<\/div>\n\t\t<\/section>\n\t\t\t\t<\/div>\n\t\t","protected":false},"excerpt":{"rendered":"<p>Allgemeine Gesch\u00e4ftsbedingungen (AGB) Allgemeines Allgemeine Gesch\u00e4ftsbedingungen (AGB) Allgemeines Diese Allgemeinen Gesch\u00e4ftsbedingungen (AGB) gelten f\u00fcr alle Vertr\u00e4ge, die \u00fcber Webshop www.sourcenaturelle.eu oder in anderer Weise zwischen Source Naturelle und dem K\u00e4ufer abgeschlossen werden. Anerkennung der AGB Der Kunde erkennt diese AGB an und erkl\u00e4rt sich mit ihnen einverstanden, sobald er eine Bestellung vornimmt.S\u00e4mtliche Gesch\u00e4ftsbeziehungen zwischen dem&#8230;<\/p>\n","protected":false},"author":1,"featured_media":0,"parent":0,"menu_order":0,"comment_status":"closed","ping_status":"closed","template":"","meta":{"_kad_post_transparent":"","_kad_post_title":"","_kad_post_layout":"","_kad_post_sidebar_id":"","_kad_post_content_style":"","_kad_post_vertical_padding":"","_kad_post_feature":"","_kad_post_feature_position":"","_kad_post_header":false,"_kad_post_footer":false,"_kad_post_classname":"","footnotes":""},"class_list":["post-2983","page","type-page","status-publish","hentry"],"_links":{"self":[{"href":"https:\/\/sourcenaturelle.eu\/de\/wp-json\/wp\/v2\/pages\/2983","targetHints":{"allow":["GET"]}}],"collection":[{"href":"https:\/\/sourcenaturelle.eu\/de\/wp-json\/wp\/v2\/pages"}],"about":[{"href":"https:\/\/sourcenaturelle.eu\/de\/wp-json\/wp\/v2\/types\/page"}],"author":[{"embeddable":true,"href":"https:\/\/sourcenaturelle.eu\/de\/wp-json\/wp\/v2\/users\/1"}],"replies":[{"embeddable":true,"href":"https:\/\/sourcenaturelle.eu\/de\/wp-json\/wp\/v2\/comments?post=2983"}],"version-history":[{"count":0,"href":"https:\/\/sourcenaturelle.eu\/de\/wp-json\/wp\/v2\/pages\/2983\/revisions"}],"wp:attachment":[{"href":"https:\/\/sourcenaturelle.eu\/de\/wp-json\/wp\/v2\/media?parent=2983"}],"curies":[{"name":"wp","href":"https:\/\/api.w.org\/{rel}","templated":true}]}}